{"id":1131,"date":"2022-06-23T14:48:23","date_gmt":"2022-06-23T17:48:23","guid":{"rendered":"http:\/\/carranzapoetrypaintings.art.br\/?page_id=1131"},"modified":"2023-03-25T13:03:08","modified_gmt":"2023-03-25T16:03:08","slug":"poesia","status":"publish","type":"page","link":"https:\/\/carranzapoetrypaintings.art.br\/en\/poesia\/","title":{"rendered":"Poetry"},"content":{"rendered":"<div data-elementor-type=\"wp-page\" data-elementor-id=\"1131\" class=\"elementor elementor-1131\">\n\t\t\t\t\t\t<section class=\"elementor-section elementor-top-section elementor-element elementor-element-d20552a elementor-section-boxed elementor-section-height-default elementor-section-height-default exad-glass-effect-no wpr-particle-no wpr-jarallax-no wpr-parallax-no wpr-sticky-section-no exad-sticky-section-no\" data-id=\"d20552a\" data-element_type=\"section\" data-e-type=\"section\">\n\t\t\t\t\t\t<div class=\"elementor-container elementor-column-gap-default\">\n\t\t\t\t\t<div class=\"elementor-column elementor-col-100 elementor-top-column elementor-element elementor-element-42df6f1 exad-glass-effect-no exad-sticky-section-no\" data-id=\"42df6f1\" data-element_type=\"column\" data-e-type=\"column\">\n\t\t\t<div class=\"elementor-widget-wrap elementor-element-populated\">\n\t\t\t\t\t\t<div class=\"elementor-element elementor-element-86cc622 exad-sticky-section-no exad-glass-effect-no elementor-widget elementor-widget-heading\" data-id=\"86cc622\" data-element_type=\"widget\" data-e-type=\"widget\" data-widget_type=\"heading.default\">\n\t\t\t\t<div class=\"elementor-widget-container\">\n\t\t\t\t\t<h2 class=\"elementor-heading-title elementor-size-default\"><b>POETRY<\/b><\/h2>\t\t\t\t<\/div>\n\t\t\t\t<\/div>\n\t\t\t\t<section class=\"elementor-section elementor-inner-section elementor-element elementor-element-1a69254 elementor-section-content-middle elementor-section-boxed elementor-section-height-default elementor-section-height-default exad-glass-effect-no wpr-particle-no wpr-jarallax-no wpr-parallax-no wpr-sticky-section-no exad-sticky-section-no\" data-id=\"1a69254\" data-element_type=\"section\" data-e-type=\"section\">\n\t\t\t\t\t\t<div class=\"elementor-container elementor-column-gap-default\">\n\t\t\t\t\t<div class=\"elementor-column elementor-col-100 elementor-inner-column elementor-element elementor-element-bff215c exad-glass-effect-no exad-sticky-section-no\" data-id=\"bff215c\" data-element_type=\"column\" data-e-type=\"column\">\n\t\t\t<div class=\"elementor-widget-wrap elementor-element-populated\">\n\t\t\t\t\t\t<div class=\"elementor-element elementor-element-2c1e5aa exad-sticky-section-no exad-glass-effect-no elementor-widget elementor-widget-shortcode\" data-id=\"2c1e5aa\" data-element_type=\"widget\" data-e-type=\"widget\" data-widget_type=\"shortcode.default\">\n\t\t\t\t<div class=\"elementor-widget-container\">\n\t\t\t\t\t\t\t<div class=\"elementor-shortcode\"><ul class=\"display-posts-listing\"><li class=\"listing-item\"><div class=\"content\">\n<figure class=\"wp-block-image size-full is-resized\"><img decoding=\"async\" src=\"https:\/\/carranzapoetrypaintings.art.br\/wp-content\/uploads\/2022\/07\/Capa-SO\u0301IS-frente-scaled.jpg\" alt=\"\" class=\"wp-image-2137\" width=\"643\" srcset=\"https:\/\/carranzapoetrypaintings.art.br\/wp-content\/uploads\/2022\/07\/Capa-SO\u0301IS-frente-scaled.jpg 1689w, https:\/\/carranzapoetrypaintings.art.br\/wp-content\/uploads\/2022\/07\/Capa-SO\u0301IS-frente-198x300.jpg 198w, https:\/\/carranzapoetrypaintings.art.br\/wp-content\/uploads\/2022\/07\/Capa-SO\u0301IS-frente-676x1024.jpg 676w, https:\/\/carranzapoetrypaintings.art.br\/wp-content\/uploads\/2022\/07\/Capa-SO\u0301IS-frente-768x1164.jpg 768w, https:\/\/carranzapoetrypaintings.art.br\/wp-content\/uploads\/2022\/07\/Capa-SO\u0301IS-frente-1013x1536.jpg 1013w, https:\/\/carranzapoetrypaintings.art.br\/wp-content\/uploads\/2022\/07\/Capa-SO\u0301IS-frente-1351x2048.jpg 1351w, https:\/\/carranzapoetrypaintings.art.br\/wp-content\/uploads\/2022\/07\/Capa-SO\u0301IS-frente-8x12.jpg 8w\" sizes=\"(max-width: 1689px) 100vw, 1689px\" \/><\/figure>\n\n\n\n<p>The Poems of Ricardo Carranza<\/p>\n\n\n\n<p>CARRANZA, Ricardo.&nbsp;<em>S\u00f3is: o livro da ins\u00f4n<\/em>ia. S\u00e3o Paulo: G&amp;C, 2021.<\/p>\n\n\n\n<div class=\"wp-block-buttons is-layout-flex wp-block-buttons-is-layout-flex\">\n<div class=\"wp-block-button\"><a class=\"wp-block-button__link has-white-color has-text-color has-background\" href=\"https:\/\/carranzapoetrypaintings.art.br\/en\/contato\/\" style=\"background-color:#787878\">PURCHASE<\/a><\/div>\n<\/div>\n\n\n\n<p><\/p>\n<\/div><\/li><li class=\"listing-item\"><div class=\"content\">\n<figure class=\"wp-block-image size-full is-resized\"><img decoding=\"async\" src=\"https:\/\/carranzapoetrypaintings.art.br\/wp-content\/uploads\/2022\/07\/capa-centelha.jpg\" alt=\"\" class=\"wp-image-2140\" width=\"643\" srcset=\"https:\/\/carranzapoetrypaintings.art.br\/wp-content\/uploads\/2022\/07\/capa-centelha.jpg 619w, https:\/\/carranzapoetrypaintings.art.br\/wp-content\/uploads\/2022\/07\/capa-centelha-203x300.jpg 203w, https:\/\/carranzapoetrypaintings.art.br\/wp-content\/uploads\/2022\/07\/capa-centelha-8x12.jpg 8w\" sizes=\"(max-width: 619px) 100vw, 619px\" \/><\/figure>\n\n\n\n<p>The Poems of Ricardo Carranza<\/p>\n\n\n\n<p>CARRANZA, Ricardo.&nbsp;<em>Centelha de inverno<\/em>. S\u00e3o Paulo: G&amp;C Arquitect\u00f4nica, 2019.<\/p>\n\n\n\n<div class=\"wp-block-buttons is-layout-flex wp-block-buttons-is-layout-flex\">\n<div class=\"wp-block-button\"><a class=\"wp-block-button__link has-white-color has-text-color has-background\" href=\"https:\/\/carranzapoetrypaintings.art.br\/en\/contato\/\" style=\"background-color:#787878\">PURCHASE<\/a><\/div>\n<\/div>\n\n\n\n<p><\/p>\n<\/div><\/li><li class=\"listing-item\"><div class=\"content\">\n<figure class=\"wp-block-image size-full is-resized\"><img decoding=\"async\" src=\"https:\/\/carranzapoetrypaintings.art.br\/wp-content\/uploads\/2022\/07\/capa-Dramas-2.jpg\" alt=\"\" class=\"wp-image-2144\" width=\"643\" srcset=\"https:\/\/carranzapoetrypaintings.art.br\/wp-content\/uploads\/2022\/07\/capa-Dramas-2.jpg 382w, https:\/\/carranzapoetrypaintings.art.br\/wp-content\/uploads\/2022\/07\/capa-Dramas-2-212x300.jpg 212w, https:\/\/carranzapoetrypaintings.art.br\/wp-content\/uploads\/2022\/07\/capa-Dramas-2-8x12.jpg 8w\" sizes=\"(max-width: 382px) 100vw, 382px\" \/><\/figure>\n\n\n\n<p>The Poems of Ricardo Carranza<\/p>\n\n\n\n<p>CARRANZA, Ricardo. <em>Dramas.<\/em> S\u00e3o Paulo: G&amp;C Arquitect\u00f4nica, 2012.<\/p>\n\n\n\n<div class=\"wp-block-buttons is-layout-flex wp-block-buttons-is-layout-flex\">\n<div class=\"wp-block-button\"><a class=\"wp-block-button__link has-white-color has-text-color has-background\" href=\"https:\/\/carranzapoetrypaintings.art.br\/en\/contato\/\" style=\"background-color:#787878\">PURCHASE<\/a><\/div>\n<\/div>\n\n\n\n<p><\/p>\n<\/div><\/li><li class=\"listing-item\"><div class=\"content\">\n<figure class=\"wp-block-image size-full is-resized\"><img decoding=\"async\" src=\"https:\/\/carranzapoetrypaintings.art.br\/wp-content\/uploads\/2022\/07\/Capa-A-flor-empi\u0301rica-frente.jpg\" alt=\"\" class=\"wp-image-2147\" width=\"643\" srcset=\"https:\/\/carranzapoetrypaintings.art.br\/wp-content\/uploads\/2022\/07\/Capa-A-flor-empi\u0301rica-frente.jpg 1721w, https:\/\/carranzapoetrypaintings.art.br\/wp-content\/uploads\/2022\/07\/Capa-A-flor-empi\u0301rica-frente-210x300.jpg 210w, https:\/\/carranzapoetrypaintings.art.br\/wp-content\/uploads\/2022\/07\/Capa-A-flor-empi\u0301rica-frente-716x1024.jpg 716w, https:\/\/carranzapoetrypaintings.art.br\/wp-content\/uploads\/2022\/07\/Capa-A-flor-empi\u0301rica-frente-768x1099.jpg 768w, https:\/\/carranzapoetrypaintings.art.br\/wp-content\/uploads\/2022\/07\/Capa-A-flor-empi\u0301rica-frente-1074x1536.jpg 1074w, https:\/\/carranzapoetrypaintings.art.br\/wp-content\/uploads\/2022\/07\/Capa-A-flor-empi\u0301rica-frente-1432x2048.jpg 1432w, https:\/\/carranzapoetrypaintings.art.br\/wp-content\/uploads\/2022\/07\/Capa-A-flor-empi\u0301rica-frente-8x12.jpg 8w\" sizes=\"(max-width: 1721px) 100vw, 1721px\" \/><\/figure>\n\n\n\n<p>The Poems of Ricardo Carranza<\/p>\n\n\n\n<p>CARRANZA, Ricardo.&nbsp;<em>A flor emp\u00edrica: (excertos)<\/em>.&nbsp;S\u00e3o Paulo: G&amp;C Arquitect\u00f4nica, 2011.<\/p>\n\n\n\n<div class=\"wp-block-buttons is-layout-flex wp-block-buttons-is-layout-flex\">\n<div class=\"wp-block-button\"><a class=\"wp-block-button__link has-white-color has-text-color has-background\" href=\"https:\/\/carranzapoetrypaintings.art.br\/en\/contato\/\" style=\"background-color:#787878\">PURCHASE<\/a><\/div>\n<\/div>\n\n\n\n<p><\/p>\n<\/div><\/li><li class=\"listing-item\"><div class=\"content\">\n<figure class=\"wp-block-image size-full is-resized\"><img decoding=\"async\" src=\"https:\/\/carranzapoetrypaintings.art.br\/wp-content\/uploads\/2022\/07\/Capa-Sexteto.jpg\" alt=\"\" class=\"wp-image-2150\" width=\"643\" srcset=\"https:\/\/carranzapoetrypaintings.art.br\/wp-content\/uploads\/2022\/07\/Capa-Sexteto.jpg 401w, https:\/\/carranzapoetrypaintings.art.br\/wp-content\/uploads\/2022\/07\/Capa-Sexteto-209x300.jpg 209w, https:\/\/carranzapoetrypaintings.art.br\/wp-content\/uploads\/2022\/07\/Capa-Sexteto-8x12.jpg 8w\" sizes=\"(max-width: 401px) 100vw, 401px\" \/><\/figure>\n\n\n\n<p>The Poems of Ricardo Carranza<\/p>\n\n\n\n<p>CARRANZA, Ricardo.&nbsp;<em>2005 sexteto Ricardo Carranza 2009<\/em>. S\u00e3o Paulo; Ed. do autor, 2010.<\/p>\n\n\n\n<div class=\"wp-block-buttons is-layout-flex wp-block-buttons-is-layout-flex\">\n<div class=\"wp-block-button\"><a class=\"wp-block-button__link has-white-color has-text-color has-background\" href=\"https:\/\/carranzapoetrypaintings.art.br\/en\/contato\/\" style=\"background-color:#787878\">PURCHASE<\/a><\/div>\n<\/div>\n\n\n\n<p><\/p>\n<\/div><\/li><\/ul><\/div>\n\t\t\t\t\t\t<\/div>\n\t\t\t\t<\/div>\n\t\t\t\t\t<\/div>\n\t\t<\/div>\n\t\t\t\t\t<\/div>\n\t\t<\/section>\n\t\t\t\t\t<\/div>\n\t\t<\/div>\n\t\t\t\t\t<\/div>\n\t\t<\/section>\n\t\t\t\t<\/div>","protected":false},"excerpt":{"rendered":"<p>POETRY<\/p>","protected":false},"author":1,"featured_media":0,"parent":0,"menu_order":0,"comment_status":"closed","ping_status":"closed","template":"","meta":{"site-sidebar-layout":"default","site-content-layout":"","ast-site-content-layout":"default","site-content-style":"default","site-sidebar-style":"default","ast-global-header-display":"","ast-banner-title-visibility":"","ast-main-header-display":"","ast-hfb-above-header-display":"","ast-hfb-below-header-display":"","ast-hfb-mobile-header-display":"","site-post-title":"","ast-breadcrumbs-content":"","ast-featured-img":"","footer-sml-layout":"","ast-disable-related-posts":"","theme-transparent-header-meta":"","adv-header-id-meta":"","stick-header-meta":"","header-above-stick-meta":"","header-main-stick-meta":"","header-below-stick-meta":"","astra-migrate-meta-layouts":"default","ast-page-background-enabled":"default","ast-page-background-meta":{"desktop":{"background-color":"var(--ast-global-color-5)","background-image":"","background-repeat":"repeat","background-position":"center center","background-size":"auto","background-attachment":"scroll","background-type":"","background-media":"","overlay-type":"","overlay-color":"","overlay-opacity":"","overlay-gradient":""},"tablet":{"background-color":"","background-image":"","background-repeat":"repeat","background-position":"center center","background-size":"auto","background-attachment":"scroll","background-type":"","background-media":"","overlay-type":"","overlay-color":"","overlay-opacity":"","overlay-gradient":""},"mobile":{"background-color":"","background-image":"","background-repeat":"repeat","background-position":"center center","background-size":"auto","background-attachment":"scroll","background-type":"","background-media":"","overlay-type":"","overlay-color":"","overlay-opacity":"","overlay-gradient":""}},"ast-content-background-meta":{"desktop":{"background-color":"var(--ast-global-color-4)","background-image":"","background-repeat":"repeat","background-position":"center center","background-size":"auto","background-attachment":"scroll","background-type":"","background-media":"","overlay-type":"","overlay-color":"","overlay-opacity":"","overlay-gradient":""},"tablet":{"background-color":"var(--ast-global-color-4)","background-image":"","background-repeat":"repeat","background-position":"center center","background-size":"auto","background-attachment":"scroll","background-type":"","background-media":"","overlay-type":"","overlay-color":"","overlay-opacity":"","overlay-gradient":""},"mobile":{"background-color":"var(--ast-global-color-4)","background-image":"","background-repeat":"repeat","background-position":"center center","background-size":"auto","background-attachment":"scroll","background-type":"","background-media":"","overlay-type":"","overlay-color":"","overlay-opacity":"","overlay-gradient":""}},"footnotes":""},"class_list":["post-1131","page","type-page","status-publish","hentry"],"yoast_head":"<!-- This site is optimized with the Yoast SEO plugin v27.4 - https:\/\/yoast.com\/product\/yoast-seo-wordpress\/ -->\n<title>Poesia | Ricardo Carranza<\/title>\n<meta name=\"description\" content=\"Ricardo Carranza \u00e9 pintor, escritor, poeta e arquiteto. Seu trabalho art\u00edstico explora a rela\u00e7\u00e3o entre a express\u00e3o da pintura abstrata e poesia.\" \/>\n<meta name=\"robots\" content=\"index, follow, max-snippet:-1, max-image-preview:large, max-video-preview:-1\" \/>\n<link rel=\"canonical\" href=\"https:\/\/carranzapoetrypaintings.art.br\/en\/poesia\/\" \/>\n<meta property=\"og:locale\" content=\"en_US\" \/>\n<meta property=\"og:type\" content=\"article\" \/>\n<meta property=\"og:title\" content=\"Poesia | Ricardo Carranza\" \/>\n<meta property=\"og:description\" content=\"Ricardo Carranza \u00e9 pintor, escritor, poeta e arquiteto. Seu trabalho art\u00edstico explora a rela\u00e7\u00e3o entre a express\u00e3o da pintura abstrata e poesia.\" \/>\n<meta property=\"og:url\" content=\"https:\/\/carranzapoetrypaintings.art.br\/en\/poesia\/\" \/>\n<meta property=\"og:site_name\" content=\"Ricardo Carranza\" \/>\n<meta property=\"article:publisher\" content=\"https:\/\/www.facebook.com\/people\/Ricardo-Carranza\/100001639244000\/\" \/>\n<meta property=\"article:modified_time\" content=\"2023-03-25T16:03:08+00:00\" \/>\n<meta property=\"og:image\" content=\"https:\/\/carranzapoetrypaintings.art.br\/wp-content\/uploads\/2022\/07\/Capa-SO\u0301IS-frente-scaled.jpg\" \/>\n\t<meta property=\"og:image:width\" content=\"1689\" \/>\n\t<meta property=\"og:image:height\" content=\"2560\" \/>\n\t<meta property=\"og:image:type\" content=\"image\/jpeg\" \/>\n<meta name=\"twitter:card\" content=\"summary_large_image\" \/>\n<meta name=\"twitter:title\" content=\"Poesia | Ricardo Carranza\" \/>\n<meta name=\"twitter:description\" content=\"Ricardo Carranza \u00e9 pintor, escritor, poeta e arquiteto. Seu trabalho art\u00edstico explora a rela\u00e7\u00e3o entre a express\u00e3o da pintura abstrata e poesia.\" \/>\n<meta name=\"twitter:image\" content=\"https:\/\/carranzapoetrypaintings.art.br\/wp-content\/uploads\/2022\/07\/Capa-SO\u0301IS-frente-scaled.jpg\" \/>\n<meta name=\"twitter:site\" content=\"@carranza1953\" \/>\n<meta name=\"twitter:label1\" content=\"Est. reading time\" \/>\n\t<meta name=\"twitter:data1\" content=\"2 minutes\" \/>\n<script type=\"application\/ld+json\" class=\"yoast-schema-graph\">{\"@context\":\"https:\\\/\\\/schema.org\",\"@graph\":[{\"@type\":\"WebPage\",\"@id\":\"https:\\\/\\\/carranzapoetrypaintings.art.br\\\/poesia\\\/\",\"url\":\"https:\\\/\\\/carranzapoetrypaintings.art.br\\\/poesia\\\/\",\"name\":\"Poesia | Ricardo Carranza\",\"isPartOf\":{\"@id\":\"https:\\\/\\\/carranzapoetrypaintings.art.br\\\/#website\"},\"datePublished\":\"2022-06-23T17:48:23+00:00\",\"dateModified\":\"2023-03-25T16:03:08+00:00\",\"description\":\"Ricardo Carranza \u00e9 pintor, escritor, poeta e arquiteto. Seu trabalho art\u00edstico explora a rela\u00e7\u00e3o entre a express\u00e3o da pintura abstrata e poesia.\",\"breadcrumb\":{\"@id\":\"https:\\\/\\\/carranzapoetrypaintings.art.br\\\/poesia\\\/#breadcrumb\"},\"inLanguage\":\"en-US\",\"potentialAction\":[{\"@type\":\"ReadAction\",\"target\":[\"https:\\\/\\\/carranzapoetrypaintings.art.br\\\/poesia\\\/\"]}]},{\"@type\":\"BreadcrumbList\",\"@id\":\"https:\\\/\\\/carranzapoetrypaintings.art.br\\\/poesia\\\/#breadcrumb\",\"itemListElement\":[{\"@type\":\"ListItem\",\"position\":1,\"name\":\"In\u00edcio\",\"item\":\"https:\\\/\\\/carranzapoetrypaintings.art.br\\\/\"},{\"@type\":\"ListItem\",\"position\":2,\"name\":\"Poesia\"}]},{\"@type\":\"WebSite\",\"@id\":\"https:\\\/\\\/carranzapoetrypaintings.art.br\\\/#website\",\"url\":\"https:\\\/\\\/carranzapoetrypaintings.art.br\\\/\",\"name\":\"Ricardo Carranza\",\"description\":\"\",\"publisher\":{\"@id\":\"https:\\\/\\\/carranzapoetrypaintings.art.br\\\/#organization\"},\"potentialAction\":[{\"@type\":\"SearchAction\",\"target\":{\"@type\":\"EntryPoint\",\"urlTemplate\":\"https:\\\/\\\/carranzapoetrypaintings.art.br\\\/?s={search_term_string}\"},\"query-input\":{\"@type\":\"PropertyValueSpecification\",\"valueRequired\":true,\"valueName\":\"search_term_string\"}}],\"inLanguage\":\"en-US\"},{\"@type\":\"Organization\",\"@id\":\"https:\\\/\\\/carranzapoetrypaintings.art.br\\\/#organization\",\"name\":\"Ricardo Carranza\",\"url\":\"https:\\\/\\\/carranzapoetrypaintings.art.br\\\/\",\"logo\":{\"@type\":\"ImageObject\",\"inLanguage\":\"en-US\",\"@id\":\"https:\\\/\\\/carranzapoetrypaintings.art.br\\\/#\\\/schema\\\/logo\\\/image\\\/\",\"url\":\"https:\\\/\\\/carranzapoetrypaintings.art.br\\\/wp-content\\\/uploads\\\/2022\\\/06\\\/2022-ricardo-carranza-FAVICON.jpg\",\"contentUrl\":\"https:\\\/\\\/carranzapoetrypaintings.art.br\\\/wp-content\\\/uploads\\\/2022\\\/06\\\/2022-ricardo-carranza-FAVICON.jpg\",\"width\":1781,\"height\":1822,\"caption\":\"Ricardo Carranza\"},\"image\":{\"@id\":\"https:\\\/\\\/carranzapoetrypaintings.art.br\\\/#\\\/schema\\\/logo\\\/image\\\/\"},\"sameAs\":[\"https:\\\/\\\/www.facebook.com\\\/people\\\/Ricardo-Carranza\\\/100001639244000\\\/\",\"https:\\\/\\\/x.com\\\/carranza1953\",\"https:\\\/\\\/instagram.com\\\/ricardo.carranza53\"]}]}<\/script>\n<!-- \/ Yoast SEO plugin. -->","yoast_head_json":{"title":"Poesia | Ricardo Carranza","description":"Ricardo Carranza \u00e9 pintor, escritor, poeta e arquiteto. Seu trabalho art\u00edstico explora a rela\u00e7\u00e3o entre a express\u00e3o da pintura abstrata e poesia.","robots":{"index":"index","follow":"follow","max-snippet":"max-snippet:-1","max-image-preview":"max-image-preview:large","max-video-preview":"max-video-preview:-1"},"canonical":"https:\/\/carranzapoetrypaintings.art.br\/en\/poesia\/","og_locale":"en_US","og_type":"article","og_title":"Poesia | Ricardo Carranza","og_description":"Ricardo Carranza \u00e9 pintor, escritor, poeta e arquiteto. Seu trabalho art\u00edstico explora a rela\u00e7\u00e3o entre a express\u00e3o da pintura abstrata e poesia.","og_url":"https:\/\/carranzapoetrypaintings.art.br\/en\/poesia\/","og_site_name":"Ricardo Carranza","article_publisher":"https:\/\/www.facebook.com\/people\/Ricardo-Carranza\/100001639244000\/","article_modified_time":"2023-03-25T16:03:08+00:00","og_image":[{"width":1689,"height":2560,"url":"https:\/\/carranzapoetrypaintings.art.br\/wp-content\/uploads\/2022\/07\/Capa-SO\u0301IS-frente-scaled.jpg","type":"image\/jpeg"}],"twitter_card":"summary_large_image","twitter_title":"Poesia | Ricardo Carranza","twitter_description":"Ricardo Carranza \u00e9 pintor, escritor, poeta e arquiteto. Seu trabalho art\u00edstico explora a rela\u00e7\u00e3o entre a express\u00e3o da pintura abstrata e poesia.","twitter_image":"https:\/\/carranzapoetrypaintings.art.br\/wp-content\/uploads\/2022\/07\/Capa-SO\u0301IS-frente-scaled.jpg","twitter_site":"@carranza1953","twitter_misc":{"Est. reading time":"2 minutes"},"schema":{"@context":"https:\/\/schema.org","@graph":[{"@type":"WebPage","@id":"https:\/\/carranzapoetrypaintings.art.br\/poesia\/","url":"https:\/\/carranzapoetrypaintings.art.br\/poesia\/","name":"Poesia | Ricardo Carranza","isPartOf":{"@id":"https:\/\/carranzapoetrypaintings.art.br\/#website"},"datePublished":"2022-06-23T17:48:23+00:00","dateModified":"2023-03-25T16:03:08+00:00","description":"Ricardo Carranza \u00e9 pintor, escritor, poeta e arquiteto. Seu trabalho art\u00edstico explora a rela\u00e7\u00e3o entre a express\u00e3o da pintura abstrata e poesia.","breadcrumb":{"@id":"https:\/\/carranzapoetrypaintings.art.br\/poesia\/#breadcrumb"},"inLanguage":"en-US","potentialAction":[{"@type":"ReadAction","target":["https:\/\/carranzapoetrypaintings.art.br\/poesia\/"]}]},{"@type":"BreadcrumbList","@id":"https:\/\/carranzapoetrypaintings.art.br\/poesia\/#breadcrumb","itemListElement":[{"@type":"ListItem","position":1,"name":"In\u00edcio","item":"https:\/\/carranzapoetrypaintings.art.br\/"},{"@type":"ListItem","position":2,"name":"Poesia"}]},{"@type":"WebSite","@id":"https:\/\/carranzapoetrypaintings.art.br\/#website","url":"https:\/\/carranzapoetrypaintings.art.br\/","name":"Ricardo Carranza","description":"","publisher":{"@id":"https:\/\/carranzapoetrypaintings.art.br\/#organization"},"potentialAction":[{"@type":"SearchAction","target":{"@type":"EntryPoint","urlTemplate":"https:\/\/carranzapoetrypaintings.art.br\/?s={search_term_string}"},"query-input":{"@type":"PropertyValueSpecification","valueRequired":true,"valueName":"search_term_string"}}],"inLanguage":"en-US"},{"@type":"Organization","@id":"https:\/\/carranzapoetrypaintings.art.br\/#organization","name":"Ricardo Carranza","url":"https:\/\/carranzapoetrypaintings.art.br\/","logo":{"@type":"ImageObject","inLanguage":"en-US","@id":"https:\/\/carranzapoetrypaintings.art.br\/#\/schema\/logo\/image\/","url":"https:\/\/carranzapoetrypaintings.art.br\/wp-content\/uploads\/2022\/06\/2022-ricardo-carranza-FAVICON.jpg","contentUrl":"https:\/\/carranzapoetrypaintings.art.br\/wp-content\/uploads\/2022\/06\/2022-ricardo-carranza-FAVICON.jpg","width":1781,"height":1822,"caption":"Ricardo Carranza"},"image":{"@id":"https:\/\/carranzapoetrypaintings.art.br\/#\/schema\/logo\/image\/"},"sameAs":["https:\/\/www.facebook.com\/people\/Ricardo-Carranza\/100001639244000\/","https:\/\/x.com\/carranza1953","https:\/\/instagram.com\/ricardo.carranza53"]}]}},"_links":{"self":[{"href":"https:\/\/carranzapoetrypaintings.art.br\/en\/wp-json\/wp\/v2\/pages\/1131","targetHints":{"allow":["GET"]}}],"collection":[{"href":"https:\/\/carranzapoetrypaintings.art.br\/en\/wp-json\/wp\/v2\/pages"}],"about":[{"href":"https:\/\/carranzapoetrypaintings.art.br\/en\/wp-json\/wp\/v2\/types\/page"}],"author":[{"embeddable":true,"href":"https:\/\/carranzapoetrypaintings.art.br\/en\/wp-json\/wp\/v2\/users\/1"}],"replies":[{"embeddable":true,"href":"https:\/\/carranzapoetrypaintings.art.br\/en\/wp-json\/wp\/v2\/comments?post=1131"}],"version-history":[{"count":32,"href":"https:\/\/carranzapoetrypaintings.art.br\/en\/wp-json\/wp\/v2\/pages\/1131\/revisions"}],"predecessor-version":[{"id":3705,"href":"https:\/\/carranzapoetrypaintings.art.br\/en\/wp-json\/wp\/v2\/pages\/1131\/revisions\/3705"}],"wp:attachment":[{"href":"https:\/\/carranzapoetrypaintings.art.br\/en\/wp-json\/wp\/v2\/media?parent=1131"}],"curies":[{"name":"wp","href":"https:\/\/api.w.org\/{rel}","templated":true}]}}