{"id":1787,"date":"2022-07-05T11:10:26","date_gmt":"2022-07-05T14:10:26","guid":{"rendered":"http:\/\/carranzapoetrypaintings.art.br\/?page_id=1787"},"modified":"2026-03-02T16:56:50","modified_gmt":"2026-03-02T19:56:50","slug":"afirmacao","status":"publish","type":"page","link":"https:\/\/carranzapoetrypaintings.art.br\/en\/afirmacao\/","title":{"rendered":"A ARTE \u00c9 O MEU JARDIM"},"content":{"rendered":"<div data-elementor-type=\"wp-page\" data-elementor-id=\"1787\" class=\"elementor elementor-1787\">\n\t\t\t\t\t\t<section class=\"elementor-section elementor-top-section elementor-element elementor-element-1f0324f elementor-section-boxed elementor-section-height-default elementor-section-height-default exad-glass-effect-no wpr-particle-no wpr-jarallax-no wpr-parallax-no wpr-sticky-section-no exad-sticky-section-no\" data-id=\"1f0324f\" data-element_type=\"section\" data-e-type=\"section\">\n\t\t\t\t\t\t<div class=\"elementor-container elementor-column-gap-default\">\n\t\t\t\t\t<div class=\"elementor-column elementor-col-100 elementor-top-column elementor-element elementor-element-cd5ec5c exad-glass-effect-no exad-sticky-section-no\" data-id=\"cd5ec5c\" data-element_type=\"column\" data-e-type=\"column\">\n\t\t\t<div class=\"elementor-widget-wrap elementor-element-populated\">\n\t\t\t\t\t\t\t<\/div>\n\t\t<\/div>\n\t\t\t\t\t<\/div>\n\t\t<\/section>\n\t\t\t\t<section class=\"elementor-section elementor-top-section elementor-element elementor-element-234034fc elementor-section-content-middle elementor-section-boxed elementor-section-height-default elementor-section-height-default exad-glass-effect-no wpr-particle-no wpr-jarallax-no wpr-parallax-no wpr-sticky-section-no exad-sticky-section-no\" data-id=\"234034fc\" data-element_type=\"section\" data-e-type=\"section\">\n\t\t\t\t\t\t<div class=\"elementor-container elementor-column-gap-no\">\n\t\t\t\t\t<div class=\"elementor-column elementor-col-100 elementor-top-column elementor-element elementor-element-32104e8d exad-glass-effect-no exad-sticky-section-no\" data-id=\"32104e8d\" data-element_type=\"column\" data-e-type=\"column\">\n\t\t\t<div class=\"elementor-widget-wrap elementor-element-populated\">\n\t\t\t\t\t\t<div class=\"elementor-element elementor-element-32bd672 link exad-sticky-section-no exad-glass-effect-no elementor-widget elementor-widget-posts\" data-id=\"32bd672\" data-element_type=\"widget\" data-e-type=\"widget\" data-settings=\"{&quot;full_content_row_gap&quot;:{&quot;unit&quot;:&quot;px&quot;,&quot;size&quot;:0,&quot;sizes&quot;:[]}}\" data-widget_type=\"posts.full_content\">\n\t\t\t\t<div class=\"elementor-widget-container\">\n\t\t\t\t\t\t\t<div class=\"elementor-posts-container elementor-posts elementor-posts--skin-full_content elementor-grid\">\n\t\t\t\t<article class=\"elementor-post elementor-grid-item post-2303 post type-post status-publish format-standard hentry category-a-arte-e-o-meu-jardim tag-outros\">\n\t\t\t\t<div class=\"elementor-post__text\">\n\t\t<div class=\"elementor-post__content\"><style>.elementor-widget-text-editor{font-family:var( --e-global-typography-text-font-family ), Sans-serif;font-weight:var( --e-global-typography-text-font-weight );color:var( --e-global-color-text );}.elementor-widget-text-editor.elementor-drop-cap-view-stacked .elementor-drop-cap{background-color:var( --e-global-color-primary );}.elementor-widget-text-editor.elementor-drop-cap-view-framed .elementor-drop-cap, .elementor-widget-text-editor.elementor-drop-cap-view-default .elementor-drop-cap{color:var( --e-global-color-primary );border-color:var( --e-global-color-primary );}<\/style>\t\t<div data-elementor-type=\"wp-post\" data-elementor-id=\"2303\" class=\"elementor elementor-2303\">\n\t\t\t\t\t\t<section class=\"elementor-section elementor-top-section elementor-element elementor-element-1191b9c0 elementor-section-boxed elementor-section-height-default elementor-section-height-default exad-glass-effect-no wpr-particle-no wpr-jarallax-no wpr-parallax-no wpr-sticky-section-no exad-sticky-section-no\" data-id=\"1191b9c0\" data-element_type=\"section\" data-e-type=\"section\">\n\t\t\t\t\t\t<div class=\"elementor-container elementor-column-gap-default\">\n\t\t\t\t\t<div class=\"elementor-column elementor-col-100 elementor-top-column elementor-element elementor-element-4baa1746 exad-glass-effect-no exad-sticky-section-no\" data-id=\"4baa1746\" data-element_type=\"column\" data-e-type=\"column\">\n\t\t\t<div class=\"elementor-widget-wrap elementor-element-populated\">\n\t\t\t\t\t\t<div class=\"elementor-element elementor-element-688d03d3 exad-sticky-section-no exad-glass-effect-no elementor-widget elementor-widget-text-editor\" data-id=\"688d03d3\" data-element_type=\"widget\" data-e-type=\"widget\" data-widget_type=\"text-editor.default\">\n\t\t\t\t<div class=\"elementor-widget-container\">\n\t\t\t\t\t\t\t\t\t<p><\/p>\n<h2 class=\"wp-block-heading has-text-align-center\">I<\/h2>\n<p><\/p>\n<p>O inacess\u00edvel \u00e9 belo.<\/p>\n<p><\/p>\n<p>A Arte \u00e9 um sol e n\u00e3o existem dois artistas iguais debaixo desse mesmo sol.<\/p>\n<p><\/p>\n<p>O processo \u00e9 como um novelo de l\u00e3 de muitas pontas, cada uma delas leva a um outro novelo tamb\u00e9m com v\u00e1rias pontas; o processo \u00e9 a ess\u00eancia da obra de Arte, sempre nova e inacabada.<\/p>\n<p><\/p>\n<p>N\u00f3s n\u00e3o somos uma constru\u00e7\u00e3o; n\u00e3o o resultado estrito de um processo racional, controlado ; somos seres emocionais; explodimos e rompemos com uma situa\u00e7\u00e3o concreta; e avan\u00e7amos; n\u00e3o \u00e9 assim com o edif\u00edcio&#8230; o motor&#8230; a IA&#8230;<\/p>\n<p><\/p>\n<p>Minha Arte \u00e9 feita de arrependimentos&#8230; mudan\u00e7as bruscas&#8230; adensamentos&#8230; destrui\u00e7\u00f5es&#8230; Minha Arte \u00e9 o processo&#8230; talvez&#8230; Estou sempre tateando&#8230; curioso&#8230; en\u00e9rgico&#8230; generoso \u00e0 incorpora\u00e7\u00e3o de todos os erros&#8230;<\/p>\n<p><\/p>\n<p>Penso em cada pintura como se um ser vivo fosse&#8230; como uma pessoa que desejo ou preciso conhecer&#8230; Aos poucos a descubro e a encontro&#8230; E ela indica, durante o contato, as possibilidades&#8230; como um di\u00e1logo na intimidade&#8230; Eu sei o que quero&#8230; E ela, \u00e0s vezes, discorda&#8230; mostra certos meandros encobertos&#8230; N\u00e3o penso&#8230; Acho que nunca pensei em adequa\u00e7\u00e3o ao meio ou a quem quer que seja&#8230; E sonho com a simpatia espont\u00e2nea&#8230; genu\u00edna&#8230; valiosa&#8230; Como a obra vem ao mundo&#8230;<\/p>\n<p><\/p>\n<p>Nenhum trabalho meu pode ser considerado formalmente pronto e acabado; em algum momento assumo ter alcan\u00e7ado o limite do processo, em geral quando um novo trabalho invade, aos poucos, o meu cora\u00e7\u00e3o&#8230;<\/p>\n<p><\/p>\n<p>A inspira\u00e7\u00e3o n\u00e3o \u00e9 manifesta\u00e7\u00e3o divina, pois ela integra cada gota de suor do artista&#8230;<\/p>\n<p><\/p>\n<p>A inspira\u00e7\u00e3o se identifica com o Artista devotado \u00e0 sua obra&#8230;<\/p>\n<p><\/p>\n<p>Conhece-te a ti mesmo: atrav\u00e9s da Arte.<\/p>\n<p><\/p>\n<h2 class=\"wp-block-heading has-text-align-center\">II<\/h2>\n<p><\/p>\n<p>A intui\u00e7\u00e3o conduz o processo.<\/p>\n<p><\/p>\n<p>Um certo n\u00edvel de tens\u00e3o ou crise acontece e o melhor a fazer \u00e9 abra\u00e7\u00e1-la.<\/p>\n<p><\/p>\n<p>Gesto a gesto, a emo\u00e7\u00e3o se materializa.<\/p>\n<p><\/p>\n<p>I struggle for every fraction of texture.<\/p>\n<p><\/p>\n<p>Devo ser preciso, l\u00e1 onde a imprecis\u00e3o \u00e9 irresist\u00edvel.<\/p>\n<p><\/p>\n<p>I see each work as the study of the study that preceded it.<\/p>\n<p><\/p>\n<p>There is no end point, or it is just possible to disregard it.<\/p>\n<p><\/p>\n<p>The task requires method, perseverance, and a good dose of humility.<\/p>\n<p><\/p>\n<p>O come\u00e7o \u00e9 o momento mais belo&#8230;<\/p>\n<p><\/p>\n<h2 class=\"wp-block-heading has-text-align-center\">III<\/h2>\n<p><\/p>\n<p>Arte enobrece escala, materiais e t\u00e9cnica.<\/p>\n<p><\/p>\n<p>Arte acima da mat\u00e9ria.<\/p>\n<p><\/p>\n<p>A obra monumental n\u00e3o \u00e9 grande.<\/p>\n<p><\/p>\n<p>O pequeno formato excede.<\/p>\n<p><\/p>\n<p>A obra feita de ouro n\u00e3o \u00e9 valiosa.<\/p>\n<p><\/p>\n<p>Um simples desenho a carv\u00e3o nos encanta.<\/p>\n<p><\/p>\n<p>O virtuosismo \u00e9 um vaso vazio.<\/p>\n<p><\/p>\n<p>A obra inacabada \u00e9 fascinante.<\/p>\n<p><\/p>\n<p>Arte n\u00e3o \u00e9 discurso.<\/p>\n<p><\/p>\n<p>Arte n\u00e3o \u00e9 mercadoria.<\/p>\n<p><\/p>\n<p>Arte \u00e9 beleza universal.<\/p>\n<p><\/p>\n<p><\/p>\n<p><\/p>\n<p>Ricardo Carranza, SP, 02\/03\/2026<\/p>\n<p><\/p>\n<p><\/p>\t\t\t\t\t\t\t\t<\/div>\n\t\t\t\t<\/div>\n\t\t\t\t\t<\/div>\n\t\t<\/div>\n\t\t\t\t\t<\/div>\n\t\t<\/section>\n\t\t\t\t<\/div>\n\t\t<\/div>\t\t<\/div>\n\t\t\t\t<\/article>\n\t\t\t\t<\/div>\n\n\n\t\t\n\t\t\t\t\t\t<\/div>\n\t\t\t\t<\/div>\n\t\t\t\t\t<\/div>\n\t\t<\/div>\n\t\t\t\t\t<\/div>\n\t\t<\/section>\n\t\t\t\t<\/div>","protected":false},"excerpt":{"rendered":"","protected":false},"author":1,"featured_media":0,"parent":0,"menu_order":0,"comment_status":"closed","ping_status":"closed","template":"","meta":{"site-sidebar-layout":"no-sidebar","site-content-layout":"","ast-site-content-layout":"full-width-container","site-content-style":"default","site-sidebar-style":"default","ast-global-header-display":"","ast-banner-title-visibility":"","ast-main-header-display":"","ast-hfb-above-header-display":"","ast-hfb-below-header-display":"","ast-hfb-mobile-header-display":"","site-post-title":"disabled","ast-breadcrumbs-content":"","ast-featured-img":"disabled","footer-sml-layout":"","ast-disable-related-posts":"","theme-transparent-header-meta":"","adv-header-id-meta":"","stick-header-meta":"","header-above-stick-meta":"","header-main-stick-meta":"","header-below-stick-meta":"","astra-migrate-meta-layouts":"default","ast-page-background-enabled":"default","ast-page-background-meta":{"desktop":{"background-color":"var(--ast-global-color-5)","background-image":"","background-repeat":"repeat","background-position":"center center","background-size":"auto","background-attachment":"scroll","background-type":"","background-media":"","overlay-type":"","overlay-color":"","overlay-opacity":"","overlay-gradient":""},"tablet":{"background-color":"","background-image":"","background-repeat":"repeat","background-position":"center center","background-size":"auto","background-attachment":"scroll","background-type":"","background-media":"","overlay-type":"","overlay-color":"","overlay-opacity":"","overlay-gradient":""},"mobile":{"background-color":"","background-image":"","background-repeat":"repeat","background-position":"center center","background-size":"auto","background-attachment":"scroll","background-type":"","background-media":"","overlay-type":"","overlay-color":"","overlay-opacity":"","overlay-gradient":""}},"ast-content-background-meta":{"desktop":{"background-color":"var(--ast-global-color-4)","background-image":"","background-repeat":"repeat","background-position":"center center","background-size":"auto","background-attachment":"scroll","background-type":"","background-media":"","overlay-type":"","overlay-color":"","overlay-opacity":"","overlay-gradient":""},"tablet":{"background-color":"var(--ast-global-color-4)","background-image":"","background-repeat":"repeat","background-position":"center center","background-size":"auto","background-attachment":"scroll","background-type":"","background-media":"","overlay-type":"","overlay-color":"","overlay-opacity":"","overlay-gradient":""},"mobile":{"background-color":"var(--ast-global-color-4)","background-image":"","background-repeat":"repeat","background-position":"center center","background-size":"auto","background-attachment":"scroll","background-type":"","background-media":"","overlay-type":"","overlay-color":"","overlay-opacity":"","overlay-gradient":""}},"footnotes":""},"class_list":["post-1787","page","type-page","status-publish","hentry"],"yoast_head":"<!-- This site is optimized with the Yoast SEO plugin v27.4 - https:\/\/yoast.com\/product\/yoast-seo-wordpress\/ -->\n<title>A ARTE \u00c9 O MEU JARDIM | Ricardo Carranza<\/title>\n<meta name=\"description\" content=\"Considero-me um pintor abstrato. Minhas principais influ\u00eancias s\u00e3o o expressionismo abstrato e a caligrafia japonesa.\" \/>\n<meta name=\"robots\" content=\"index, follow, max-snippet:-1, max-image-preview:large, max-video-preview:-1\" \/>\n<link rel=\"canonical\" href=\"https:\/\/carranzapoetrypaintings.art.br\/en\/afirmacao\/\" \/>\n<meta property=\"og:locale\" content=\"en_US\" \/>\n<meta property=\"og:type\" content=\"article\" \/>\n<meta property=\"og:title\" content=\"A ARTE \u00c9 O MEU JARDIM | Ricardo Carranza\" \/>\n<meta property=\"og:description\" content=\"Considero-me um pintor abstrato. Minhas principais influ\u00eancias s\u00e3o o expressionismo abstrato e a caligrafia japonesa. A intui\u00e7\u00e3o \u00e9 o n\u00facleo do meu processo; atrav\u00e9s dela percebo o que o quadro tem a me dizer. A tela em branco sempre \u00e9 o momento dram\u00e1tico: o mundo n\u00e3o existe e espera para ser criado.\" \/>\n<meta property=\"og:url\" content=\"https:\/\/carranzapoetrypaintings.art.br\/en\/afirmacao\/\" \/>\n<meta property=\"og:site_name\" content=\"Ricardo Carranza\" \/>\n<meta property=\"article:publisher\" content=\"https:\/\/www.facebook.com\/people\/Ricardo-Carranza\/100001639244000\/\" \/>\n<meta property=\"article:modified_time\" content=\"2026-03-02T19:56:50+00:00\" \/>\n<meta property=\"og:image\" content=\"https:\/\/carranzapoetrypaintings.art.br\/wp-content\/uploads\/2022\/07\/2022-13-julho-foto-oficial-do-artista.jpg\" \/>\n\t<meta property=\"og:image:width\" content=\"1332\" \/>\n\t<meta property=\"og:image:height\" content=\"880\" \/>\n\t<meta property=\"og:image:type\" content=\"image\/jpeg\" \/>\n<meta name=\"twitter:card\" content=\"summary_large_image\" \/>\n<meta name=\"twitter:title\" content=\"A ARTE \u00c9 O MEU JARDIM | Ricardo Carranza\" \/>\n<meta name=\"twitter:description\" content=\"Considero-me um pintor abstrato. Minhas principais influ\u00eancias s\u00e3o o expressionismo abstrato e a caligrafia japonesa. A intui\u00e7\u00e3o \u00e9 o n\u00facleo do meu processo; atrav\u00e9s dela percebo o que o quadro tem a me dizer. A tela em branco sempre \u00e9 o momento dram\u00e1tico: o mundo n\u00e3o existe e espera para ser criado.\" \/>\n<meta name=\"twitter:image\" content=\"https:\/\/carranzapoetrypaintings.art.br\/wp-content\/uploads\/2022\/07\/2022-13-julho-foto-oficial-do-artista.jpg\" \/>\n<meta name=\"twitter:site\" content=\"@carranza1953\" \/>\n<script type=\"application\/ld+json\" class=\"yoast-schema-graph\">{\"@context\":\"https:\\\/\\\/schema.org\",\"@graph\":[{\"@type\":\"WebPage\",\"@id\":\"https:\\\/\\\/carranzapoetrypaintings.art.br\\\/afirmacao\\\/\",\"url\":\"https:\\\/\\\/carranzapoetrypaintings.art.br\\\/afirmacao\\\/\",\"name\":\"A ARTE \u00c9 O MEU JARDIM | Ricardo Carranza\",\"isPartOf\":{\"@id\":\"https:\\\/\\\/carranzapoetrypaintings.art.br\\\/#website\"},\"datePublished\":\"2022-07-05T14:10:26+00:00\",\"dateModified\":\"2026-03-02T19:56:50+00:00\",\"description\":\"Considero-me um pintor abstrato. Minhas principais influ\u00eancias s\u00e3o o expressionismo abstrato e a caligrafia japonesa.\",\"breadcrumb\":{\"@id\":\"https:\\\/\\\/carranzapoetrypaintings.art.br\\\/afirmacao\\\/#breadcrumb\"},\"inLanguage\":\"en-US\",\"potentialAction\":[{\"@type\":\"ReadAction\",\"target\":[\"https:\\\/\\\/carranzapoetrypaintings.art.br\\\/afirmacao\\\/\"]}]},{\"@type\":\"BreadcrumbList\",\"@id\":\"https:\\\/\\\/carranzapoetrypaintings.art.br\\\/afirmacao\\\/#breadcrumb\",\"itemListElement\":[{\"@type\":\"ListItem\",\"position\":1,\"name\":\"In\u00edcio\",\"item\":\"https:\\\/\\\/carranzapoetrypaintings.art.br\\\/\"},{\"@type\":\"ListItem\",\"position\":2,\"name\":\"A ARTE \u00c9 O MEU JARDIM\"}]},{\"@type\":\"WebSite\",\"@id\":\"https:\\\/\\\/carranzapoetrypaintings.art.br\\\/#website\",\"url\":\"https:\\\/\\\/carranzapoetrypaintings.art.br\\\/\",\"name\":\"Ricardo Carranza\",\"description\":\"\",\"publisher\":{\"@id\":\"https:\\\/\\\/carranzapoetrypaintings.art.br\\\/#organization\"},\"potentialAction\":[{\"@type\":\"SearchAction\",\"target\":{\"@type\":\"EntryPoint\",\"urlTemplate\":\"https:\\\/\\\/carranzapoetrypaintings.art.br\\\/?s={search_term_string}\"},\"query-input\":{\"@type\":\"PropertyValueSpecification\",\"valueRequired\":true,\"valueName\":\"search_term_string\"}}],\"inLanguage\":\"en-US\"},{\"@type\":\"Organization\",\"@id\":\"https:\\\/\\\/carranzapoetrypaintings.art.br\\\/#organization\",\"name\":\"Ricardo Carranza\",\"url\":\"https:\\\/\\\/carranzapoetrypaintings.art.br\\\/\",\"logo\":{\"@type\":\"ImageObject\",\"inLanguage\":\"en-US\",\"@id\":\"https:\\\/\\\/carranzapoetrypaintings.art.br\\\/#\\\/schema\\\/logo\\\/image\\\/\",\"url\":\"https:\\\/\\\/carranzapoetrypaintings.art.br\\\/wp-content\\\/uploads\\\/2022\\\/06\\\/2022-ricardo-carranza-FAVICON.jpg\",\"contentUrl\":\"https:\\\/\\\/carranzapoetrypaintings.art.br\\\/wp-content\\\/uploads\\\/2022\\\/06\\\/2022-ricardo-carranza-FAVICON.jpg\",\"width\":1781,\"height\":1822,\"caption\":\"Ricardo Carranza\"},\"image\":{\"@id\":\"https:\\\/\\\/carranzapoetrypaintings.art.br\\\/#\\\/schema\\\/logo\\\/image\\\/\"},\"sameAs\":[\"https:\\\/\\\/www.facebook.com\\\/people\\\/Ricardo-Carranza\\\/100001639244000\\\/\",\"https:\\\/\\\/x.com\\\/carranza1953\",\"https:\\\/\\\/instagram.com\\\/ricardo.carranza53\"]}]}<\/script>\n<!-- \/ Yoast SEO plugin. -->","yoast_head_json":{"title":"A ARTE \u00c9 O MEU JARDIM | Ricardo Carranza","description":"Considero-me um pintor abstrato. Minhas principais influ\u00eancias s\u00e3o o expressionismo abstrato e a caligrafia japonesa.","robots":{"index":"index","follow":"follow","max-snippet":"max-snippet:-1","max-image-preview":"max-image-preview:large","max-video-preview":"max-video-preview:-1"},"canonical":"https:\/\/carranzapoetrypaintings.art.br\/en\/afirmacao\/","og_locale":"en_US","og_type":"article","og_title":"A ARTE \u00c9 O MEU JARDIM | Ricardo Carranza","og_description":"Considero-me um pintor abstrato. Minhas principais influ\u00eancias s\u00e3o o expressionismo abstrato e a caligrafia japonesa. A intui\u00e7\u00e3o \u00e9 o n\u00facleo do meu processo; atrav\u00e9s dela percebo o que o quadro tem a me dizer. A tela em branco sempre \u00e9 o momento dram\u00e1tico: o mundo n\u00e3o existe e espera para ser criado.","og_url":"https:\/\/carranzapoetrypaintings.art.br\/en\/afirmacao\/","og_site_name":"Ricardo Carranza","article_publisher":"https:\/\/www.facebook.com\/people\/Ricardo-Carranza\/100001639244000\/","article_modified_time":"2026-03-02T19:56:50+00:00","og_image":[{"width":1332,"height":880,"url":"https:\/\/carranzapoetrypaintings.art.br\/wp-content\/uploads\/2022\/07\/2022-13-julho-foto-oficial-do-artista.jpg","type":"image\/jpeg"}],"twitter_card":"summary_large_image","twitter_title":"A ARTE \u00c9 O MEU JARDIM | Ricardo Carranza","twitter_description":"Considero-me um pintor abstrato. Minhas principais influ\u00eancias s\u00e3o o expressionismo abstrato e a caligrafia japonesa. A intui\u00e7\u00e3o \u00e9 o n\u00facleo do meu processo; atrav\u00e9s dela percebo o que o quadro tem a me dizer. A tela em branco sempre \u00e9 o momento dram\u00e1tico: o mundo n\u00e3o existe e espera para ser criado.","twitter_image":"https:\/\/carranzapoetrypaintings.art.br\/wp-content\/uploads\/2022\/07\/2022-13-julho-foto-oficial-do-artista.jpg","twitter_site":"@carranza1953","schema":{"@context":"https:\/\/schema.org","@graph":[{"@type":"WebPage","@id":"https:\/\/carranzapoetrypaintings.art.br\/afirmacao\/","url":"https:\/\/carranzapoetrypaintings.art.br\/afirmacao\/","name":"A ARTE \u00c9 O MEU JARDIM | Ricardo Carranza","isPartOf":{"@id":"https:\/\/carranzapoetrypaintings.art.br\/#website"},"datePublished":"2022-07-05T14:10:26+00:00","dateModified":"2026-03-02T19:56:50+00:00","description":"Considero-me um pintor abstrato. Minhas principais influ\u00eancias s\u00e3o o expressionismo abstrato e a caligrafia japonesa.","breadcrumb":{"@id":"https:\/\/carranzapoetrypaintings.art.br\/afirmacao\/#breadcrumb"},"inLanguage":"en-US","potentialAction":[{"@type":"ReadAction","target":["https:\/\/carranzapoetrypaintings.art.br\/afirmacao\/"]}]},{"@type":"BreadcrumbList","@id":"https:\/\/carranzapoetrypaintings.art.br\/afirmacao\/#breadcrumb","itemListElement":[{"@type":"ListItem","position":1,"name":"In\u00edcio","item":"https:\/\/carranzapoetrypaintings.art.br\/"},{"@type":"ListItem","position":2,"name":"A ARTE \u00c9 O MEU JARDIM"}]},{"@type":"WebSite","@id":"https:\/\/carranzapoetrypaintings.art.br\/#website","url":"https:\/\/carranzapoetrypaintings.art.br\/","name":"Ricardo Carranza","description":"","publisher":{"@id":"https:\/\/carranzapoetrypaintings.art.br\/#organization"},"potentialAction":[{"@type":"SearchAction","target":{"@type":"EntryPoint","urlTemplate":"https:\/\/carranzapoetrypaintings.art.br\/?s={search_term_string}"},"query-input":{"@type":"PropertyValueSpecification","valueRequired":true,"valueName":"search_term_string"}}],"inLanguage":"en-US"},{"@type":"Organization","@id":"https:\/\/carranzapoetrypaintings.art.br\/#organization","name":"Ricardo Carranza","url":"https:\/\/carranzapoetrypaintings.art.br\/","logo":{"@type":"ImageObject","inLanguage":"en-US","@id":"https:\/\/carranzapoetrypaintings.art.br\/#\/schema\/logo\/image\/","url":"https:\/\/carranzapoetrypaintings.art.br\/wp-content\/uploads\/2022\/06\/2022-ricardo-carranza-FAVICON.jpg","contentUrl":"https:\/\/carranzapoetrypaintings.art.br\/wp-content\/uploads\/2022\/06\/2022-ricardo-carranza-FAVICON.jpg","width":1781,"height":1822,"caption":"Ricardo Carranza"},"image":{"@id":"https:\/\/carranzapoetrypaintings.art.br\/#\/schema\/logo\/image\/"},"sameAs":["https:\/\/www.facebook.com\/people\/Ricardo-Carranza\/100001639244000\/","https:\/\/x.com\/carranza1953","https:\/\/instagram.com\/ricardo.carranza53"]}]}},"_links":{"self":[{"href":"https:\/\/carranzapoetrypaintings.art.br\/en\/wp-json\/wp\/v2\/pages\/1787","targetHints":{"allow":["GET"]}}],"collection":[{"href":"https:\/\/carranzapoetrypaintings.art.br\/en\/wp-json\/wp\/v2\/pages"}],"about":[{"href":"https:\/\/carranzapoetrypaintings.art.br\/en\/wp-json\/wp\/v2\/types\/page"}],"author":[{"embeddable":true,"href":"https:\/\/carranzapoetrypaintings.art.br\/en\/wp-json\/wp\/v2\/users\/1"}],"replies":[{"embeddable":true,"href":"https:\/\/carranzapoetrypaintings.art.br\/en\/wp-json\/wp\/v2\/comments?post=1787"}],"version-history":[{"count":41,"href":"https:\/\/carranzapoetrypaintings.art.br\/en\/wp-json\/wp\/v2\/pages\/1787\/revisions"}],"predecessor-version":[{"id":5916,"href":"https:\/\/carranzapoetrypaintings.art.br\/en\/wp-json\/wp\/v2\/pages\/1787\/revisions\/5916"}],"wp:attachment":[{"href":"https:\/\/carranzapoetrypaintings.art.br\/en\/wp-json\/wp\/v2\/media?parent=1787"}],"curies":[{"name":"wp","href":"https:\/\/api.w.org\/{rel}","templated":true}]}}