{"id":4423,"date":"2024-09-06T08:42:54","date_gmt":"2024-09-06T11:42:54","guid":{"rendered":"https:\/\/carranzapoetrypaintings.art.br\/?page_id=4423"},"modified":"2024-09-06T09:08:20","modified_gmt":"2024-09-06T12:08:20","slug":"escultura","status":"publish","type":"page","link":"https:\/\/carranzapoetrypaintings.art.br\/en\/escultura\/","title":{"rendered":"Sculpture"},"content":{"rendered":"<div data-elementor-type=\"wp-page\" data-elementor-id=\"4423\" class=\"elementor elementor-4423\">\n\t\t\t\t\t\t<section class=\"elementor-section elementor-top-section elementor-element elementor-element-b91634c elementor-section-boxed elementor-section-height-default elementor-section-height-default exad-glass-effect-no wpr-particle-no wpr-jarallax-no wpr-parallax-no wpr-sticky-section-no exad-sticky-section-no\" data-id=\"b91634c\" data-element_type=\"section\" data-e-type=\"section\">\n\t\t\t\t\t\t<div class=\"elementor-container elementor-column-gap-default\">\n\t\t\t\t\t<div class=\"elementor-column elementor-col-100 elementor-top-column elementor-element elementor-element-ceeb0c6 exad-glass-effect-no exad-sticky-section-no\" data-id=\"ceeb0c6\" data-element_type=\"column\" data-e-type=\"column\">\n\t\t\t<div class=\"elementor-widget-wrap elementor-element-populated\">\n\t\t\t\t\t\t<div class=\"elementor-element elementor-element-b7c1978 exad-sticky-section-no exad-glass-effect-no elementor-widget elementor-widget-heading\" data-id=\"b7c1978\" data-element_type=\"widget\" data-e-type=\"widget\" data-widget_type=\"heading.default\">\n\t\t\t\t<div class=\"elementor-widget-container\">\n\t\t\t\t\t<h2 class=\"elementor-heading-title elementor-size-default\"><b>SCULPTURE<\/b><\/h2>\t\t\t\t<\/div>\n\t\t\t\t<\/div>\n\t\t\t\t<section class=\"elementor-section elementor-inner-section elementor-element elementor-element-0f8e44e elementor-section-content-middle elementor-section-boxed elementor-section-height-default elementor-section-height-default exad-glass-effect-no wpr-particle-no wpr-jarallax-no wpr-parallax-no wpr-sticky-section-no exad-sticky-section-no\" data-id=\"0f8e44e\" data-element_type=\"section\" data-e-type=\"section\">\n\t\t\t\t\t\t<div class=\"elementor-container elementor-column-gap-default\">\n\t\t\t\t\t<div class=\"elementor-column elementor-col-100 elementor-inner-column elementor-element elementor-element-df8be2c exad-glass-effect-no exad-sticky-section-no\" data-id=\"df8be2c\" data-element_type=\"column\" data-e-type=\"column\">\n\t\t\t<div class=\"elementor-widget-wrap elementor-element-populated\">\n\t\t\t\t\t\t<div class=\"elementor-element elementor-element-13f5b98 exad-sticky-section-no exad-glass-effect-no elementor-widget elementor-widget-shortcode\" data-id=\"13f5b98\" data-element_type=\"widget\" data-e-type=\"widget\" data-widget_type=\"shortcode.default\">\n\t\t\t\t<div class=\"elementor-widget-container\">\n\t\t\t\t\t\t\t<div class=\"elementor-shortcode\"><ul class=\"display-posts-listing\"><li class=\"listing-item\"><div class=\"content\">\n<p><\/p>\n\n\n\n<figure class=\"wp-block-image size-full is-resized\"><a href=\"https:\/\/carranzapoetrypaintings.art.br\/wp-content\/uploads\/2025\/11\/book-2-recortado.jpg\"><img fetchpriority=\"high\" decoding=\"async\" width=\"2101\" height=\"2204\" src=\"https:\/\/carranzapoetrypaintings.art.br\/wp-content\/uploads\/2025\/11\/book-2-recortado.jpg\" alt=\"\" class=\"wp-image-5481\" style=\"width:643px\" srcset=\"https:\/\/carranzapoetrypaintings.art.br\/wp-content\/uploads\/2025\/11\/book-2-recortado.jpg 2101w, https:\/\/carranzapoetrypaintings.art.br\/wp-content\/uploads\/2025\/11\/book-2-recortado-286x300.jpg 286w, https:\/\/carranzapoetrypaintings.art.br\/wp-content\/uploads\/2025\/11\/book-2-recortado-976x1024.jpg 976w, https:\/\/carranzapoetrypaintings.art.br\/wp-content\/uploads\/2025\/11\/book-2-recortado-768x806.jpg 768w, https:\/\/carranzapoetrypaintings.art.br\/wp-content\/uploads\/2025\/11\/book-2-recortado-1464x1536.jpg 1464w, https:\/\/carranzapoetrypaintings.art.br\/wp-content\/uploads\/2025\/11\/book-2-recortado-1952x2048.jpg 1952w, https:\/\/carranzapoetrypaintings.art.br\/wp-content\/uploads\/2025\/11\/book-2-recortado-11x12.jpg 11w\" sizes=\"(max-width: 2101px) 100vw, 2101px\" \/><\/a><\/figure>\n\n\n\n<p><strong>Book II<\/strong><\/p>\n\n\n\n<p class=\"has-text-color\" style=\"color:#9d9d9d\">Year: 2025<\/p>\n\n\n\n<p class=\"has-text-color\" style=\"color:#9d9d9d\">Technique: Plaster, metal, paper, string, plastic an acrylic paint<\/p>\n\n\n\n<p class=\"has-text-color\" style=\"color:#9d9d9d\">Dimens\u00f5es: 25 x 25 x 25 cm<\/p>\n\n\n\n<div class=\"wp-block-buttons is-layout-flex wp-block-buttons-is-layout-flex\">\n<div class=\"wp-block-button\"><a class=\"wp-block-button__link has-white-color has-text-color has-background wp-element-button\" href=\"https:\/\/carranzapoetrypaintings.art.br\/en\/contato\/\" style=\"background-color:#787878\">PURCHASE<\/a><\/div>\n<\/div>\n\n\n\n<p><\/p>\n<\/div><\/li><li class=\"listing-item\"><div class=\"content\">\n<p><\/p>\n\n\n\n<figure class=\"wp-block-image size-full is-resized\"><a href=\"https:\/\/carranzapoetrypaintings.art.br\/wp-content\/uploads\/2025\/11\/book-1-recortado.jpg\"><img decoding=\"async\" width=\"1769\" height=\"1928\" src=\"https:\/\/carranzapoetrypaintings.art.br\/wp-content\/uploads\/2025\/11\/book-1-recortado.jpg\" alt=\"\" class=\"wp-image-5478\" style=\"width:643px\" srcset=\"https:\/\/carranzapoetrypaintings.art.br\/wp-content\/uploads\/2025\/11\/book-1-recortado.jpg 1769w, https:\/\/carranzapoetrypaintings.art.br\/wp-content\/uploads\/2025\/11\/book-1-recortado-275x300.jpg 275w, https:\/\/carranzapoetrypaintings.art.br\/wp-content\/uploads\/2025\/11\/book-1-recortado-940x1024.jpg 940w, https:\/\/carranzapoetrypaintings.art.br\/wp-content\/uploads\/2025\/11\/book-1-recortado-768x837.jpg 768w, https:\/\/carranzapoetrypaintings.art.br\/wp-content\/uploads\/2025\/11\/book-1-recortado-1409x1536.jpg 1409w, https:\/\/carranzapoetrypaintings.art.br\/wp-content\/uploads\/2025\/11\/book-1-recortado-11x12.jpg 11w\" sizes=\"(max-width: 1769px) 100vw, 1769px\" \/><\/a><\/figure>\n\n\n\n<p><strong>Book I<\/strong><\/p>\n\n\n\n<p class=\"has-text-color\" style=\"color:#9d9d9d\">Year: 2025<\/p>\n\n\n\n<p class=\"has-text-color\" style=\"color:#9d9d9d\">Technique: Paper and acrylic paint<\/p>\n\n\n\n<p class=\"has-text-color\" style=\"color:#9d9d9d\">Dimensions: 21 x 15 x 10 cm <\/p>\n\n\n\n<div class=\"wp-block-buttons is-layout-flex wp-block-buttons-is-layout-flex\">\n<div class=\"wp-block-button\"><a class=\"wp-block-button__link has-white-color has-text-color has-background wp-element-button\" href=\"https:\/\/carranzapoetrypaintings.art.br\/en\/contato\/\" style=\"background-color:#787878\">PURCHASE<\/a><\/div>\n<\/div>\n\n\n\n<p><\/p>\n<\/div><\/li><\/ul><\/div>\n\t\t\t\t\t\t<\/div>\n\t\t\t\t<\/div>\n\t\t\t\t\t<\/div>\n\t\t<\/div>\n\t\t\t\t\t<\/div>\n\t\t<\/section>\n\t\t\t\t\t<\/div>\n\t\t<\/div>\n\t\t\t\t\t<\/div>\n\t\t<\/section>\n\t\t\t\t<\/div>","protected":false},"excerpt":{"rendered":"<p>SCULPTURE<\/p>","protected":false},"author":2,"featured_media":0,"parent":0,"menu_order":0,"comment_status":"closed","ping_status":"closed","template":"","meta":{"site-sidebar-layout":"default","site-content-layout":"","ast-site-content-layout":"default","site-content-style":"default","site-sidebar-style":"default","ast-global-header-display":"","ast-banner-title-visibility":"","ast-main-header-display":"","ast-hfb-above-header-display":"","ast-hfb-below-header-display":"","ast-hfb-mobile-header-display":"","site-post-title":"","ast-breadcrumbs-content":"","ast-featured-img":"","footer-sml-layout":"","ast-disable-related-posts":"","theme-transparent-header-meta":"","adv-header-id-meta":"","stick-header-meta":"","header-above-stick-meta":"","header-main-stick-meta":"","header-below-stick-meta":"","astra-migrate-meta-layouts":"default","ast-page-background-enabled":"default","ast-page-background-meta":{"desktop":{"background-color":"var(--ast-global-color-5)","background-image":"","background-repeat":"repeat","background-position":"center center","background-size":"auto","background-attachment":"scroll","background-type":"","background-media":"","overlay-type":"","overlay-color":"","overlay-opacity":"","overlay-gradient":""},"tablet":{"background-color":"","background-image":"","background-repeat":"repeat","background-position":"center center","background-size":"auto","background-attachment":"scroll","background-type":"","background-media":"","overlay-type":"","overlay-color":"","overlay-opacity":"","overlay-gradient":""},"mobile":{"background-color":"","background-image":"","background-repeat":"repeat","background-position":"center center","background-size":"auto","background-attachment":"scroll","background-type":"","background-media":"","overlay-type":"","overlay-color":"","overlay-opacity":"","overlay-gradient":""}},"ast-content-background-meta":{"desktop":{"background-color":"var(--ast-global-color-4)","background-image":"","background-repeat":"repeat","background-position":"center center","background-size":"auto","background-attachment":"scroll","background-type":"","background-media":"","overlay-type":"","overlay-color":"","overlay-opacity":"","overlay-gradient":""},"tablet":{"background-color":"var(--ast-global-color-4)","background-image":"","background-repeat":"repeat","background-position":"center center","background-size":"auto","background-attachment":"scroll","background-type":"","background-media":"","overlay-type":"","overlay-color":"","overlay-opacity":"","overlay-gradient":""},"mobile":{"background-color":"var(--ast-global-color-4)","background-image":"","background-repeat":"repeat","background-position":"center center","background-size":"auto","background-attachment":"scroll","background-type":"","background-media":"","overlay-type":"","overlay-color":"","overlay-opacity":"","overlay-gradient":""}},"footnotes":""},"class_list":["post-4423","page","type-page","status-publish","hentry"],"yoast_head":"<!-- This site is optimized with the Yoast SEO plugin v27.4 - https:\/\/yoast.com\/product\/yoast-seo-wordpress\/ -->\n<title>Escultura | Ricardo Carranza<\/title>\n<meta name=\"description\" content=\"Ricardo Carranza \u00e9 pintor, escritor, poeta e arquiteto. Seu trabalho art\u00edstico explora a rela\u00e7\u00e3o entre a express\u00e3o da pintura abstrata e poesia.\" \/>\n<meta name=\"robots\" content=\"index, follow, max-snippet:-1, max-image-preview:large, max-video-preview:-1\" \/>\n<link rel=\"canonical\" href=\"https:\/\/carranzapoetrypaintings.art.br\/en\/escultura\/\" \/>\n<meta property=\"og:locale\" content=\"en_US\" \/>\n<meta property=\"og:type\" content=\"article\" \/>\n<meta property=\"og:title\" content=\"Escultura | Ricardo Carranza\" \/>\n<meta property=\"og:description\" content=\"Ricardo Carranza \u00e9 pintor, escritor, poeta e arquiteto. Seu trabalho art\u00edstico explora a rela\u00e7\u00e3o entre a express\u00e3o da pintura abstrata e poesia.\" \/>\n<meta property=\"og:url\" content=\"https:\/\/carranzapoetrypaintings.art.br\/en\/escultura\/\" \/>\n<meta property=\"og:site_name\" content=\"Ricardo Carranza\" \/>\n<meta property=\"article:publisher\" content=\"https:\/\/www.facebook.com\/people\/Ricardo-Carranza\/100001639244000\/\" \/>\n<meta property=\"article:modified_time\" content=\"2024-09-06T12:08:20+00:00\" \/>\n<meta property=\"og:image\" content=\"https:\/\/carranzapoetrypaintings.art.br\/wp-content\/uploads\/2022\/07\/Capa-SO\u0301IS-frente-scaled.jpg\" \/>\n\t<meta property=\"og:image:width\" content=\"1689\" \/>\n\t<meta property=\"og:image:height\" content=\"2560\" \/>\n\t<meta property=\"og:image:type\" content=\"image\/jpeg\" \/>\n<meta name=\"twitter:card\" content=\"summary_large_image\" \/>\n<meta name=\"twitter:title\" content=\"Escultura | Ricardo Carranza\" \/>\n<meta name=\"twitter:description\" content=\"Ricardo Carranza \u00e9 pintor, escritor, poeta e arquiteto. Seu trabalho art\u00edstico explora a rela\u00e7\u00e3o entre a express\u00e3o da pintura abstrata e poesia.\" \/>\n<meta name=\"twitter:image\" content=\"https:\/\/carranzapoetrypaintings.art.br\/wp-content\/uploads\/2022\/07\/Capa-SO\u0301IS-frente-scaled.jpg\" \/>\n<meta name=\"twitter:site\" content=\"@carranza1953\" \/>\n<meta name=\"twitter:label1\" content=\"Est. reading time\" \/>\n\t<meta name=\"twitter:data1\" content=\"1 minute\" \/>\n<script type=\"application\/ld+json\" class=\"yoast-schema-graph\">{\"@context\":\"https:\\\/\\\/schema.org\",\"@graph\":[{\"@type\":\"WebPage\",\"@id\":\"https:\\\/\\\/carranzapoetrypaintings.art.br\\\/escultura\\\/\",\"url\":\"https:\\\/\\\/carranzapoetrypaintings.art.br\\\/escultura\\\/\",\"name\":\"Escultura | Ricardo Carranza\",\"isPartOf\":{\"@id\":\"https:\\\/\\\/carranzapoetrypaintings.art.br\\\/#website\"},\"datePublished\":\"2024-09-06T11:42:54+00:00\",\"dateModified\":\"2024-09-06T12:08:20+00:00\",\"description\":\"Ricardo Carranza \u00e9 pintor, escritor, poeta e arquiteto. Seu trabalho art\u00edstico explora a rela\u00e7\u00e3o entre a express\u00e3o da pintura abstrata e poesia.\",\"breadcrumb\":{\"@id\":\"https:\\\/\\\/carranzapoetrypaintings.art.br\\\/escultura\\\/#breadcrumb\"},\"inLanguage\":\"en-US\",\"potentialAction\":[{\"@type\":\"ReadAction\",\"target\":[\"https:\\\/\\\/carranzapoetrypaintings.art.br\\\/escultura\\\/\"]}]},{\"@type\":\"BreadcrumbList\",\"@id\":\"https:\\\/\\\/carranzapoetrypaintings.art.br\\\/escultura\\\/#breadcrumb\",\"itemListElement\":[{\"@type\":\"ListItem\",\"position\":1,\"name\":\"In\u00edcio\",\"item\":\"https:\\\/\\\/carranzapoetrypaintings.art.br\\\/\"},{\"@type\":\"ListItem\",\"position\":2,\"name\":\"Escultura\"}]},{\"@type\":\"WebSite\",\"@id\":\"https:\\\/\\\/carranzapoetrypaintings.art.br\\\/#website\",\"url\":\"https:\\\/\\\/carranzapoetrypaintings.art.br\\\/\",\"name\":\"Ricardo Carranza\",\"description\":\"\",\"publisher\":{\"@id\":\"https:\\\/\\\/carranzapoetrypaintings.art.br\\\/#organization\"},\"potentialAction\":[{\"@type\":\"SearchAction\",\"target\":{\"@type\":\"EntryPoint\",\"urlTemplate\":\"https:\\\/\\\/carranzapoetrypaintings.art.br\\\/?s={search_term_string}\"},\"query-input\":{\"@type\":\"PropertyValueSpecification\",\"valueRequired\":true,\"valueName\":\"search_term_string\"}}],\"inLanguage\":\"en-US\"},{\"@type\":\"Organization\",\"@id\":\"https:\\\/\\\/carranzapoetrypaintings.art.br\\\/#organization\",\"name\":\"Ricardo Carranza\",\"url\":\"https:\\\/\\\/carranzapoetrypaintings.art.br\\\/\",\"logo\":{\"@type\":\"ImageObject\",\"inLanguage\":\"en-US\",\"@id\":\"https:\\\/\\\/carranzapoetrypaintings.art.br\\\/#\\\/schema\\\/logo\\\/image\\\/\",\"url\":\"https:\\\/\\\/carranzapoetrypaintings.art.br\\\/wp-content\\\/uploads\\\/2022\\\/06\\\/2022-ricardo-carranza-FAVICON.jpg\",\"contentUrl\":\"https:\\\/\\\/carranzapoetrypaintings.art.br\\\/wp-content\\\/uploads\\\/2022\\\/06\\\/2022-ricardo-carranza-FAVICON.jpg\",\"width\":1781,\"height\":1822,\"caption\":\"Ricardo Carranza\"},\"image\":{\"@id\":\"https:\\\/\\\/carranzapoetrypaintings.art.br\\\/#\\\/schema\\\/logo\\\/image\\\/\"},\"sameAs\":[\"https:\\\/\\\/www.facebook.com\\\/people\\\/Ricardo-Carranza\\\/100001639244000\\\/\",\"https:\\\/\\\/x.com\\\/carranza1953\",\"https:\\\/\\\/instagram.com\\\/ricardo.carranza53\"]}]}<\/script>\n<!-- \/ Yoast SEO plugin. -->","yoast_head_json":{"title":"Escultura | Ricardo Carranza","description":"Ricardo Carranza \u00e9 pintor, escritor, poeta e arquiteto. Seu trabalho art\u00edstico explora a rela\u00e7\u00e3o entre a express\u00e3o da pintura abstrata e poesia.","robots":{"index":"index","follow":"follow","max-snippet":"max-snippet:-1","max-image-preview":"max-image-preview:large","max-video-preview":"max-video-preview:-1"},"canonical":"https:\/\/carranzapoetrypaintings.art.br\/en\/escultura\/","og_locale":"en_US","og_type":"article","og_title":"Escultura | Ricardo Carranza","og_description":"Ricardo Carranza \u00e9 pintor, escritor, poeta e arquiteto. Seu trabalho art\u00edstico explora a rela\u00e7\u00e3o entre a express\u00e3o da pintura abstrata e poesia.","og_url":"https:\/\/carranzapoetrypaintings.art.br\/en\/escultura\/","og_site_name":"Ricardo Carranza","article_publisher":"https:\/\/www.facebook.com\/people\/Ricardo-Carranza\/100001639244000\/","article_modified_time":"2024-09-06T12:08:20+00:00","og_image":[{"width":1689,"height":2560,"url":"https:\/\/carranzapoetrypaintings.art.br\/wp-content\/uploads\/2022\/07\/Capa-SO\u0301IS-frente-scaled.jpg","type":"image\/jpeg"}],"twitter_card":"summary_large_image","twitter_title":"Escultura | Ricardo Carranza","twitter_description":"Ricardo Carranza \u00e9 pintor, escritor, poeta e arquiteto. Seu trabalho art\u00edstico explora a rela\u00e7\u00e3o entre a express\u00e3o da pintura abstrata e poesia.","twitter_image":"https:\/\/carranzapoetrypaintings.art.br\/wp-content\/uploads\/2022\/07\/Capa-SO\u0301IS-frente-scaled.jpg","twitter_site":"@carranza1953","twitter_misc":{"Est. reading time":"1 minute"},"schema":{"@context":"https:\/\/schema.org","@graph":[{"@type":"WebPage","@id":"https:\/\/carranzapoetrypaintings.art.br\/escultura\/","url":"https:\/\/carranzapoetrypaintings.art.br\/escultura\/","name":"Escultura | Ricardo Carranza","isPartOf":{"@id":"https:\/\/carranzapoetrypaintings.art.br\/#website"},"datePublished":"2024-09-06T11:42:54+00:00","dateModified":"2024-09-06T12:08:20+00:00","description":"Ricardo Carranza \u00e9 pintor, escritor, poeta e arquiteto. Seu trabalho art\u00edstico explora a rela\u00e7\u00e3o entre a express\u00e3o da pintura abstrata e poesia.","breadcrumb":{"@id":"https:\/\/carranzapoetrypaintings.art.br\/escultura\/#breadcrumb"},"inLanguage":"en-US","potentialAction":[{"@type":"ReadAction","target":["https:\/\/carranzapoetrypaintings.art.br\/escultura\/"]}]},{"@type":"BreadcrumbList","@id":"https:\/\/carranzapoetrypaintings.art.br\/escultura\/#breadcrumb","itemListElement":[{"@type":"ListItem","position":1,"name":"In\u00edcio","item":"https:\/\/carranzapoetrypaintings.art.br\/"},{"@type":"ListItem","position":2,"name":"Escultura"}]},{"@type":"WebSite","@id":"https:\/\/carranzapoetrypaintings.art.br\/#website","url":"https:\/\/carranzapoetrypaintings.art.br\/","name":"Ricardo Carranza","description":"","publisher":{"@id":"https:\/\/carranzapoetrypaintings.art.br\/#organization"},"potentialAction":[{"@type":"SearchAction","target":{"@type":"EntryPoint","urlTemplate":"https:\/\/carranzapoetrypaintings.art.br\/?s={search_term_string}"},"query-input":{"@type":"PropertyValueSpecification","valueRequired":true,"valueName":"search_term_string"}}],"inLanguage":"en-US"},{"@type":"Organization","@id":"https:\/\/carranzapoetrypaintings.art.br\/#organization","name":"Ricardo Carranza","url":"https:\/\/carranzapoetrypaintings.art.br\/","logo":{"@type":"ImageObject","inLanguage":"en-US","@id":"https:\/\/carranzapoetrypaintings.art.br\/#\/schema\/logo\/image\/","url":"https:\/\/carranzapoetrypaintings.art.br\/wp-content\/uploads\/2022\/06\/2022-ricardo-carranza-FAVICON.jpg","contentUrl":"https:\/\/carranzapoetrypaintings.art.br\/wp-content\/uploads\/2022\/06\/2022-ricardo-carranza-FAVICON.jpg","width":1781,"height":1822,"caption":"Ricardo Carranza"},"image":{"@id":"https:\/\/carranzapoetrypaintings.art.br\/#\/schema\/logo\/image\/"},"sameAs":["https:\/\/www.facebook.com\/people\/Ricardo-Carranza\/100001639244000\/","https:\/\/x.com\/carranza1953","https:\/\/instagram.com\/ricardo.carranza53"]}]}},"_links":{"self":[{"href":"https:\/\/carranzapoetrypaintings.art.br\/en\/wp-json\/wp\/v2\/pages\/4423","targetHints":{"allow":["GET"]}}],"collection":[{"href":"https:\/\/carranzapoetrypaintings.art.br\/en\/wp-json\/wp\/v2\/pages"}],"about":[{"href":"https:\/\/carranzapoetrypaintings.art.br\/en\/wp-json\/wp\/v2\/types\/page"}],"author":[{"embeddable":true,"href":"https:\/\/carranzapoetrypaintings.art.br\/en\/wp-json\/wp\/v2\/users\/2"}],"replies":[{"embeddable":true,"href":"https:\/\/carranzapoetrypaintings.art.br\/en\/wp-json\/wp\/v2\/comments?post=4423"}],"version-history":[{"count":13,"href":"https:\/\/carranzapoetrypaintings.art.br\/en\/wp-json\/wp\/v2\/pages\/4423\/revisions"}],"predecessor-version":[{"id":4438,"href":"https:\/\/carranzapoetrypaintings.art.br\/en\/wp-json\/wp\/v2\/pages\/4423\/revisions\/4438"}],"wp:attachment":[{"href":"https:\/\/carranzapoetrypaintings.art.br\/en\/wp-json\/wp\/v2\/media?parent=4423"}],"curies":[{"name":"wp","href":"https:\/\/api.w.org\/{rel}","templated":true}]}}