{"id":70,"date":"2022-06-03T20:34:04","date_gmt":"2022-06-03T20:34:04","guid":{"rendered":"http:\/\/carranzapoetrypaintings.art.br\/?page_id=70"},"modified":"2022-10-27T09:04:06","modified_gmt":"2022-10-27T12:04:06","slug":"contato","status":"publish","type":"page","link":"https:\/\/carranzapoetrypaintings.art.br\/en\/contato\/","title":{"rendered":"Contact"},"content":{"rendered":"\t\t<div data-elementor-type=\"wp-page\" data-elementor-id=\"70\" class=\"elementor elementor-70\">\n\t\t\t\t\t\t<section class=\"elementor-section elementor-top-section elementor-element elementor-element-4f84292 elementor-section-boxed elementor-section-height-default elementor-section-height-default exad-glass-effect-no wpr-particle-no wpr-jarallax-no wpr-parallax-no wpr-sticky-section-no exad-sticky-section-no\" data-id=\"4f84292\" data-element_type=\"section\" data-e-type=\"section\">\n\t\t\t\t\t\t<div class=\"elementor-container elementor-column-gap-default\">\n\t\t\t\t\t<div class=\"elementor-column elementor-col-100 elementor-top-column elementor-element elementor-element-2495985 exad-glass-effect-no exad-sticky-section-no\" data-id=\"2495985\" data-element_type=\"column\" data-e-type=\"column\">\n\t\t\t<div class=\"elementor-widget-wrap elementor-element-populated\">\n\t\t\t\t\t\t<div class=\"elementor-element elementor-element-bc4767a exad-sticky-section-no exad-glass-effect-no elementor-widget elementor-widget-heading\" data-id=\"bc4767a\" data-element_type=\"widget\" data-e-type=\"widget\" data-widget_type=\"heading.default\">\n\t\t\t\t<div class=\"elementor-widget-container\">\n\t\t\t\t\t<h2 class=\"elementor-heading-title elementor-size-default\"><b>CONTATO<\/b><\/h2>\t\t\t\t<\/div>\n\t\t\t\t<\/div>\n\t\t\t\t\t<\/div>\n\t\t<\/div>\n\t\t\t\t\t<\/div>\n\t\t<\/section>\n\t\t\t\t<section class=\"elementor-section elementor-top-section elementor-element elementor-element-14653181 elementor-section-content-middle elementor-section-boxed elementor-section-height-default elementor-section-height-default exad-glass-effect-no wpr-particle-no wpr-jarallax-no wpr-parallax-no wpr-sticky-section-no exad-sticky-section-no\" data-id=\"14653181\" data-element_type=\"section\" data-e-type=\"section\">\n\t\t\t\t\t\t<div class=\"elementor-container elementor-column-gap-no\">\n\t\t\t\t\t<div class=\"elementor-column elementor-col-50 elementor-top-column elementor-element elementor-element-a95f4f6 exad-glass-effect-no exad-sticky-section-no\" data-id=\"a95f4f6\" data-element_type=\"column\" data-e-type=\"column\">\n\t\t\t<div class=\"elementor-widget-wrap elementor-element-populated\">\n\t\t\t\t\t\t<div class=\"elementor-element elementor-element-91a6789 elementor-button-align-start exad-sticky-section-no exad-glass-effect-no elementor-widget elementor-widget-form\" data-id=\"91a6789\" data-element_type=\"widget\" data-e-type=\"widget\" data-settings=\"{&quot;step_next_label&quot;:&quot;Next&quot;,&quot;step_previous_label&quot;:&quot;Previous&quot;,&quot;step_type&quot;:&quot;number_text&quot;,&quot;step_icon_shape&quot;:&quot;circle&quot;}\" data-widget_type=\"form.default\">\n\t\t\t\t<div class=\"elementor-widget-container\">\n\t\t\t\t\t\t\t<form class=\"elementor-form\" method=\"post\" name=\"Contato - Ricardo Carranza\">\n\t\t\t<input type=\"hidden\" name=\"post_id\" value=\"70\"\/>\n\t\t\t<input type=\"hidden\" name=\"form_id\" value=\"91a6789\"\/>\n\t\t\t<input type=\"hidden\" name=\"referer_title\" value=\"Ricardo Carranza\" \/>\n\n\t\t\t\n\t\t\t<div class=\"elementor-form-fields-wrapper elementor-labels-\">\n\t\t\t\t\t\t\t\t<div class=\"elementor-field-type-text elementor-field-group elementor-column elementor-field-group-name elementor-col-100\">\n\t\t\t\t\t\t\t\t\t\t\t\t<label for=\"form-field-name\" class=\"elementor-field-label elementor-screen-only\">\n\t\t\t\t\t\t\t\tNome Completo\t\t\t\t\t\t\t<\/label>\n\t\t\t\t\t\t\t\t\t\t\t\t\t\t<input size=\"1\" type=\"text\" name=\"form_fields[name]\" id=\"form-field-name\" class=\"elementor-field elementor-size-md  elementor-field-textual\" placeholder=\"Nome Completo\">\n\t\t\t\t\t\t\t\t\t\t\t<\/div>\n\t\t\t\t\t\t\t\t<div class=\"elementor-field-type-email elementor-field-group elementor-column elementor-field-group-email elementor-col-100 elementor-field-required\">\n\t\t\t\t\t\t\t\t\t\t\t\t<label for=\"form-field-email\" class=\"elementor-field-label elementor-screen-only\">\n\t\t\t\t\t\t\t\tE-mail\t\t\t\t\t\t\t<\/label>\n\t\t\t\t\t\t\t\t\t\t\t\t\t\t<input size=\"1\" type=\"email\" name=\"form_fields[email]\" id=\"form-field-email\" class=\"elementor-field elementor-size-md  elementor-field-textual\" placeholder=\"Seu melhor e-mail\" required=\"required\" aria-required=\"true\">\n\t\t\t\t\t\t\t\t\t\t\t<\/div>\n\t\t\t\t\t\t\t\t<div class=\"elementor-field-type-text elementor-field-group elementor-column elementor-field-group-field_131d596 elementor-col-100\">\n\t\t\t\t\t\t\t\t\t\t\t\t<label for=\"form-field-field_131d596\" class=\"elementor-field-label elementor-screen-only\">\n\t\t\t\t\t\t\t\tAssunto\t\t\t\t\t\t\t<\/label>\n\t\t\t\t\t\t\t\t\t\t\t\t\t\t<input size=\"1\" type=\"text\" name=\"form_fields[field_131d596]\" id=\"form-field-field_131d596\" class=\"elementor-field elementor-size-md  elementor-field-textual\" placeholder=\"Assunto\">\n\t\t\t\t\t\t\t\t\t\t\t<\/div>\n\t\t\t\t\t\t\t\t<div class=\"elementor-field-type-textarea elementor-field-group elementor-column elementor-field-group-message elementor-col-100\">\n\t\t\t\t\t\t\t\t\t\t\t\t<label for=\"form-field-message\" class=\"elementor-field-label elementor-screen-only\">\n\t\t\t\t\t\t\t\tMensagem\t\t\t\t\t\t\t<\/label>\n\t\t\t\t\t\t<textarea class=\"elementor-field-textual elementor-field  elementor-size-md\" name=\"form_fields[message]\" id=\"form-field-message\" rows=\"10\" placeholder=\"Mensagem\"><\/textarea>\t\t\t\t<\/div>\n\t\t\t\t\t\t\t\t<div class=\"elementor-field-type-recaptcha elementor-field-group elementor-column elementor-field-group-field_cc7a539 elementor-col-100\">\n\t\t\t\t\t<div class=\"elementor-field\" id=\"form-field-field_cc7a539\"><div class=\"elementor-g-recaptcha\" data-sitekey=\"6LfJTPwhAAAAAL81sUgridCL7D3Izj_s5faiG9CA\" data-type=\"v2_checkbox\" data-theme=\"light\" data-size=\"normal\"><\/div><\/div>\t\t\t\t<\/div>\n\t\t\t\t\t\t\t\t<div class=\"elementor-field-group elementor-column elementor-field-type-submit elementor-col-100 e-form__buttons\">\n\t\t\t\t\t<button type=\"submit\" class=\"elementor-button elementor-size-md\">\n\t\t\t\t\t\t<span >\n\t\t\t\t\t\t\t\t\t\t\t\t\t\t\t<span class=\" elementor-button-icon\">\n\t\t\t\t\t\t\t\t\t\t\t\t\t\t\t\t\t\t\t\t\t\t\t\t\t\t<\/span>\n\t\t\t\t\t\t\t\t\t\t\t\t\t\t\t\t\t\t\t\t\t\t<span class=\"elementor-button-text\">ENVIAR<\/span>\n\t\t\t\t\t\t\t\t\t\t\t\t\t<\/span>\n\t\t\t\t\t<\/button>\n\t\t\t\t<\/div>\n\t\t\t<\/div>\n\t\t<\/form>\n\t\t\t\t\t\t<\/div>\n\t\t\t\t<\/div>\n\t\t\t\t\t<\/div>\n\t\t<\/div>\n\t\t\t\t<div class=\"elementor-column elementor-col-50 elementor-top-column elementor-element elementor-element-51ece8d exad-glass-effect-no exad-sticky-section-no\" data-id=\"51ece8d\" data-element_type=\"column\" data-e-type=\"column\">\n\t\t\t<div class=\"elementor-widget-wrap elementor-element-populated\">\n\t\t\t\t\t\t<div class=\"elementor-element elementor-element-741ed4c exad-sticky-section-no exad-glass-effect-no elementor-widget elementor-widget-text-editor\" data-id=\"741ed4c\" data-element_type=\"widget\" data-e-type=\"widget\" data-widget_type=\"text-editor.default\">\n\t\t\t\t<div class=\"elementor-widget-container\">\n\t\t\t\t\t\t\t\t\t<p>Endere\u00e7o do Atelier:<\/p>\n<p>Av. Ant\u00e1rtica, 539, sala 53<\/p>\n<p>Perdizes, Cep&nbsp;<span style=\"font-weight: 400;\">05003-020<\/span><\/p>\n<p>S\u00e3o Paulo &#8211; SP &#8211; Brasil<\/p>\n<p>Tel. 55 11 989680909<\/p>\t\t\t\t\t\t\t\t<\/div>\n\t\t\t\t<\/div>\n\t\t\t\t<div class=\"elementor-element elementor-element-c4b713c elementor-shape-circle elementor-grid-0 e-grid-align-center exad-sticky-section-no exad-glass-effect-no elementor-widget elementor-widget-social-icons\" data-id=\"c4b713c\" data-element_type=\"widget\" data-e-type=\"widget\" data-widget_type=\"social-icons.default\">\n\t\t\t\t<div class=\"elementor-widget-container\">\n\t\t\t\t\t\t\t<div class=\"elementor-social-icons-wrapper elementor-grid\" role=\"list\">\n\t\t\t\t\t\t\t<span class=\"elementor-grid-item\" role=\"listitem\">\n\t\t\t\t\t<a class=\"elementor-icon elementor-social-icon elementor-social-icon-facebook elementor-repeater-item-cabc65a\" href=\"https:\/\/www.facebook.com\/people\/Ricardo-Carranza\/100001639244000\/\" target=\"_blank\">\n\t\t\t\t\t\t<span class=\"elementor-screen-only\">Facebook<\/span>\n\t\t\t\t\t\t<i aria-hidden=\"true\" class=\"fab fa-facebook\"><\/i>\t\t\t\t\t<\/a>\n\t\t\t\t<\/span>\n\t\t\t\t\t\t\t<span class=\"elementor-grid-item\" role=\"listitem\">\n\t\t\t\t\t<a class=\"elementor-icon elementor-social-icon elementor-social-icon-twitter elementor-repeater-item-707e4bd\" href=\"https:\/\/twitter.com\/carranza6653\" target=\"_blank\">\n\t\t\t\t\t\t<span class=\"elementor-screen-only\">Twitter<\/span>\n\t\t\t\t\t\t<i aria-hidden=\"true\" class=\"fab fa-twitter\"><\/i>\t\t\t\t\t<\/a>\n\t\t\t\t<\/span>\n\t\t\t\t\t\t\t<span class=\"elementor-grid-item\" role=\"listitem\">\n\t\t\t\t\t<a class=\"elementor-icon elementor-social-icon elementor-social-icon-instagram elementor-repeater-item-8e05716\" href=\"https:\/\/instagram.com\/ricardo.carranza53\" target=\"_blank\">\n\t\t\t\t\t\t<span class=\"elementor-screen-only\">Instagram<\/span>\n\t\t\t\t\t\t<i aria-hidden=\"true\" class=\"fab fa-instagram\"><\/i>\t\t\t\t\t<\/a>\n\t\t\t\t<\/span>\n\t\t\t\t\t\t\t<span class=\"elementor-grid-item\" role=\"listitem\">\n\t\t\t\t\t<a class=\"elementor-icon elementor-social-icon elementor-social-icon-whatsapp elementor-repeater-item-3a4390d\" href=\"https:\/\/api.whatsapp.com\/send?phone=5511989680909\" target=\"_blank\">\n\t\t\t\t\t\t<span class=\"elementor-screen-only\">Whatsapp<\/span>\n\t\t\t\t\t\t<i aria-hidden=\"true\" class=\"fab fa-whatsapp\"><\/i>\t\t\t\t\t<\/a>\n\t\t\t\t<\/span>\n\t\t\t\t\t<\/div>\n\t\t\t\t\t\t<\/div>\n\t\t\t\t<\/div>\n\t\t\t\t\t<\/div>\n\t\t<\/div>\n\t\t\t\t\t<\/div>\n\t\t<\/section>\n\t\t\t\t<\/div>\n\t\t","protected":false},"excerpt":{"rendered":"<p>CONTATO Endere\u00e7o do Atelier: Av. Ant\u00e1rtica, 539, sala 53 Perdizes, Cep&nbsp;05003-020 S\u00e3o Paulo &#8211; SP &#8211; Brasil Tel. 55 11 989680909 Facebook Twitter Instagram Whatsapp<\/p>","protected":false},"author":1,"featured_media":0,"parent":0,"menu_order":0,"comment_status":"closed","ping_status":"closed","template":"","meta":{"site-sidebar-layout":"default","site-content-layout":"","ast-site-content-layout":"default","site-content-style":"default","site-sidebar-style":"default","ast-global-header-display":"","ast-banner-title-visibility":"","ast-main-header-display":"","ast-hfb-above-header-display":"","ast-hfb-below-header-display":"","ast-hfb-mobile-header-display":"","site-post-title":"","ast-breadcrumbs-content":"","ast-featured-img":"","footer-sml-layout":"","ast-disable-related-posts":"","theme-transparent-header-meta":"","adv-header-id-meta":"","stick-header-meta":"","header-above-stick-meta":"","header-main-stick-meta":"","header-below-stick-meta":"","astra-migrate-meta-layouts":"default","ast-page-background-enabled":"default","ast-page-background-meta":{"desktop":{"background-color":"var(--ast-global-color-5)","background-image":"","background-repeat":"repeat","background-position":"center center","background-size":"auto","background-attachment":"scroll","background-type":"","background-media":"","overlay-type":"","overlay-color":"","overlay-opacity":"","overlay-gradient":""},"tablet":{"background-color":"","background-image":"","background-repeat":"repeat","background-position":"center center","background-size":"auto","background-attachment":"scroll","background-type":"","background-media":"","overlay-type":"","overlay-color":"","overlay-opacity":"","overlay-gradient":""},"mobile":{"background-color":"","background-image":"","background-repeat":"repeat","background-position":"center center","background-size":"auto","background-attachment":"scroll","background-type":"","background-media":"","overlay-type":"","overlay-color":"","overlay-opacity":"","overlay-gradient":""}},"ast-content-background-meta":{"desktop":{"background-color":"var(--ast-global-color-4)","background-image":"","background-repeat":"repeat","background-position":"center center","background-size":"auto","background-attachment":"scroll","background-type":"","background-media":"","overlay-type":"","overlay-color":"","overlay-opacity":"","overlay-gradient":""},"tablet":{"background-color":"var(--ast-global-color-4)","background-image":"","background-repeat":"repeat","background-position":"center center","background-size":"auto","background-attachment":"scroll","background-type":"","background-media":"","overlay-type":"","overlay-color":"","overlay-opacity":"","overlay-gradient":""},"mobile":{"background-color":"var(--ast-global-color-4)","background-image":"","background-repeat":"repeat","background-position":"center center","background-size":"auto","background-attachment":"scroll","background-type":"","background-media":"","overlay-type":"","overlay-color":"","overlay-opacity":"","overlay-gradient":""}},"footnotes":""},"class_list":["post-70","page","type-page","status-publish","hentry"],"yoast_head":"<!-- This site is optimized with the Yoast SEO plugin v27.5 - https:\/\/yoast.com\/product\/yoast-seo-wordpress\/ -->\n<title>Contato | Ricardo Carranza<\/title>\n<meta name=\"description\" content=\"Endere\u00e7o do Atelier: Av. Ant\u00e1rtica, 539, sala 53 - Perdizes, Cep 05003-020, S\u00e3o Paulo - SP - Brasil.\" \/>\n<meta name=\"robots\" content=\"index, follow, max-snippet:-1, max-image-preview:large, max-video-preview:-1\" \/>\n<link rel=\"canonical\" href=\"https:\/\/carranzapoetrypaintings.art.br\/en\/contato\/\" \/>\n<meta property=\"og:locale\" content=\"en_US\" \/>\n<meta property=\"og:type\" content=\"article\" \/>\n<meta property=\"og:title\" content=\"Contato | Ricardo Carranza\" \/>\n<meta property=\"og:description\" content=\"Endere\u00e7o do Atelier: Av. Ant\u00e1rtica, 539, sala 53 - Perdizes, Cep 05003-020, S\u00e3o Paulo - SP - Brasil, Tel. 55 11 2537 4328\" \/>\n<meta property=\"og:url\" content=\"https:\/\/carranzapoetrypaintings.art.br\/en\/contato\/\" \/>\n<meta property=\"og:site_name\" content=\"Ricardo Carranza\" \/>\n<meta property=\"article:publisher\" content=\"https:\/\/www.facebook.com\/people\/Ricardo-Carranza\/100001639244000\/\" \/>\n<meta property=\"article:modified_time\" content=\"2022-10-27T12:04:06+00:00\" \/>\n<meta property=\"og:image\" content=\"https:\/\/carranzapoetrypaintings.art.br\/wp-content\/uploads\/2022\/06\/2022-ricardo-carranza-FAVICON.jpg\" \/>\n\t<meta property=\"og:image:width\" content=\"1781\" \/>\n\t<meta property=\"og:image:height\" content=\"1822\" \/>\n\t<meta property=\"og:image:type\" content=\"image\/jpeg\" \/>\n<meta name=\"twitter:card\" content=\"summary_large_image\" \/>\n<meta name=\"twitter:title\" content=\"Contato | Ricardo Carranza\" \/>\n<meta name=\"twitter:description\" content=\"Endere\u00e7o do Atelier: Av. Ant\u00e1rtica, 539, sala 53 - Perdizes, Cep 05003-020, S\u00e3o Paulo - SP - Brasil, Tel. 55 11 2537 4328\" \/>\n<meta name=\"twitter:image\" content=\"https:\/\/carranzapoetrypaintings.art.br\/wp-content\/uploads\/2022\/06\/2022-ricardo-carranza-FAVICON.jpg\" \/>\n<meta name=\"twitter:site\" content=\"@carranza1953\" \/>\n<meta name=\"twitter:label1\" content=\"Est. reading time\" \/>\n\t<meta name=\"twitter:data1\" content=\"1 minute\" \/>\n<script type=\"application\/ld+json\" class=\"yoast-schema-graph\">{\"@context\":\"https:\\\/\\\/schema.org\",\"@graph\":[{\"@type\":\"WebPage\",\"@id\":\"https:\\\/\\\/carranzapoetrypaintings.art.br\\\/contato\\\/\",\"url\":\"https:\\\/\\\/carranzapoetrypaintings.art.br\\\/contato\\\/\",\"name\":\"Contato | Ricardo Carranza\",\"isPartOf\":{\"@id\":\"https:\\\/\\\/carranzapoetrypaintings.art.br\\\/#website\"},\"datePublished\":\"2022-06-03T20:34:04+00:00\",\"dateModified\":\"2022-10-27T12:04:06+00:00\",\"description\":\"Endere\u00e7o do Atelier: Av. Ant\u00e1rtica, 539, sala 53 - Perdizes, Cep 05003-020, S\u00e3o Paulo - SP - Brasil.\",\"breadcrumb\":{\"@id\":\"https:\\\/\\\/carranzapoetrypaintings.art.br\\\/contato\\\/#breadcrumb\"},\"inLanguage\":\"en-US\",\"potentialAction\":[{\"@type\":\"ReadAction\",\"target\":[\"https:\\\/\\\/carranzapoetrypaintings.art.br\\\/contato\\\/\"]}]},{\"@type\":\"BreadcrumbList\",\"@id\":\"https:\\\/\\\/carranzapoetrypaintings.art.br\\\/contato\\\/#breadcrumb\",\"itemListElement\":[{\"@type\":\"ListItem\",\"position\":1,\"name\":\"In\u00edcio\",\"item\":\"https:\\\/\\\/carranzapoetrypaintings.art.br\\\/\"},{\"@type\":\"ListItem\",\"position\":2,\"name\":\"Contato\"}]},{\"@type\":\"WebSite\",\"@id\":\"https:\\\/\\\/carranzapoetrypaintings.art.br\\\/#website\",\"url\":\"https:\\\/\\\/carranzapoetrypaintings.art.br\\\/\",\"name\":\"Ricardo Carranza\",\"description\":\"\",\"publisher\":{\"@id\":\"https:\\\/\\\/carranzapoetrypaintings.art.br\\\/#organization\"},\"potentialAction\":[{\"@type\":\"SearchAction\",\"target\":{\"@type\":\"EntryPoint\",\"urlTemplate\":\"https:\\\/\\\/carranzapoetrypaintings.art.br\\\/?s={search_term_string}\"},\"query-input\":{\"@type\":\"PropertyValueSpecification\",\"valueRequired\":true,\"valueName\":\"search_term_string\"}}],\"inLanguage\":\"en-US\"},{\"@type\":\"Organization\",\"@id\":\"https:\\\/\\\/carranzapoetrypaintings.art.br\\\/#organization\",\"name\":\"Ricardo Carranza\",\"url\":\"https:\\\/\\\/carranzapoetrypaintings.art.br\\\/\",\"logo\":{\"@type\":\"ImageObject\",\"inLanguage\":\"en-US\",\"@id\":\"https:\\\/\\\/carranzapoetrypaintings.art.br\\\/#\\\/schema\\\/logo\\\/image\\\/\",\"url\":\"https:\\\/\\\/carranzapoetrypaintings.art.br\\\/wp-content\\\/uploads\\\/2022\\\/06\\\/2022-ricardo-carranza-FAVICON.jpg\",\"contentUrl\":\"https:\\\/\\\/carranzapoetrypaintings.art.br\\\/wp-content\\\/uploads\\\/2022\\\/06\\\/2022-ricardo-carranza-FAVICON.jpg\",\"width\":1781,\"height\":1822,\"caption\":\"Ricardo Carranza\"},\"image\":{\"@id\":\"https:\\\/\\\/carranzapoetrypaintings.art.br\\\/#\\\/schema\\\/logo\\\/image\\\/\"},\"sameAs\":[\"https:\\\/\\\/www.facebook.com\\\/people\\\/Ricardo-Carranza\\\/100001639244000\\\/\",\"https:\\\/\\\/x.com\\\/carranza1953\",\"https:\\\/\\\/instagram.com\\\/ricardo.carranza53\"]}]}<\/script>\n<!-- \/ Yoast SEO plugin. -->","yoast_head_json":{"title":"Contato | Ricardo Carranza","description":"Endere\u00e7o do Atelier: Av. Ant\u00e1rtica, 539, sala 53 - Perdizes, Cep 05003-020, S\u00e3o Paulo - SP - Brasil.","robots":{"index":"index","follow":"follow","max-snippet":"max-snippet:-1","max-image-preview":"max-image-preview:large","max-video-preview":"max-video-preview:-1"},"canonical":"https:\/\/carranzapoetrypaintings.art.br\/en\/contato\/","og_locale":"en_US","og_type":"article","og_title":"Contato | Ricardo Carranza","og_description":"Endere\u00e7o do Atelier: Av. Ant\u00e1rtica, 539, sala 53 - Perdizes, Cep 05003-020, S\u00e3o Paulo - SP - Brasil, Tel. 55 11 2537 4328","og_url":"https:\/\/carranzapoetrypaintings.art.br\/en\/contato\/","og_site_name":"Ricardo Carranza","article_publisher":"https:\/\/www.facebook.com\/people\/Ricardo-Carranza\/100001639244000\/","article_modified_time":"2022-10-27T12:04:06+00:00","og_image":[{"width":1781,"height":1822,"url":"https:\/\/carranzapoetrypaintings.art.br\/wp-content\/uploads\/2022\/06\/2022-ricardo-carranza-FAVICON.jpg","type":"image\/jpeg"}],"twitter_card":"summary_large_image","twitter_title":"Contato | Ricardo Carranza","twitter_description":"Endere\u00e7o do Atelier: Av. Ant\u00e1rtica, 539, sala 53 - Perdizes, Cep 05003-020, S\u00e3o Paulo - SP - Brasil, Tel. 55 11 2537 4328","twitter_image":"https:\/\/carranzapoetrypaintings.art.br\/wp-content\/uploads\/2022\/06\/2022-ricardo-carranza-FAVICON.jpg","twitter_site":"@carranza1953","twitter_misc":{"Est. reading time":"1 minute"},"schema":{"@context":"https:\/\/schema.org","@graph":[{"@type":"WebPage","@id":"https:\/\/carranzapoetrypaintings.art.br\/contato\/","url":"https:\/\/carranzapoetrypaintings.art.br\/contato\/","name":"Contato | Ricardo Carranza","isPartOf":{"@id":"https:\/\/carranzapoetrypaintings.art.br\/#website"},"datePublished":"2022-06-03T20:34:04+00:00","dateModified":"2022-10-27T12:04:06+00:00","description":"Endere\u00e7o do Atelier: Av. Ant\u00e1rtica, 539, sala 53 - Perdizes, Cep 05003-020, S\u00e3o Paulo - SP - Brasil.","breadcrumb":{"@id":"https:\/\/carranzapoetrypaintings.art.br\/contato\/#breadcrumb"},"inLanguage":"en-US","potentialAction":[{"@type":"ReadAction","target":["https:\/\/carranzapoetrypaintings.art.br\/contato\/"]}]},{"@type":"BreadcrumbList","@id":"https:\/\/carranzapoetrypaintings.art.br\/contato\/#breadcrumb","itemListElement":[{"@type":"ListItem","position":1,"name":"In\u00edcio","item":"https:\/\/carranzapoetrypaintings.art.br\/"},{"@type":"ListItem","position":2,"name":"Contato"}]},{"@type":"WebSite","@id":"https:\/\/carranzapoetrypaintings.art.br\/#website","url":"https:\/\/carranzapoetrypaintings.art.br\/","name":"Ricardo Carranza","description":"","publisher":{"@id":"https:\/\/carranzapoetrypaintings.art.br\/#organization"},"potentialAction":[{"@type":"SearchAction","target":{"@type":"EntryPoint","urlTemplate":"https:\/\/carranzapoetrypaintings.art.br\/?s={search_term_string}"},"query-input":{"@type":"PropertyValueSpecification","valueRequired":true,"valueName":"search_term_string"}}],"inLanguage":"en-US"},{"@type":"Organization","@id":"https:\/\/carranzapoetrypaintings.art.br\/#organization","name":"Ricardo Carranza","url":"https:\/\/carranzapoetrypaintings.art.br\/","logo":{"@type":"ImageObject","inLanguage":"en-US","@id":"https:\/\/carranzapoetrypaintings.art.br\/#\/schema\/logo\/image\/","url":"https:\/\/carranzapoetrypaintings.art.br\/wp-content\/uploads\/2022\/06\/2022-ricardo-carranza-FAVICON.jpg","contentUrl":"https:\/\/carranzapoetrypaintings.art.br\/wp-content\/uploads\/2022\/06\/2022-ricardo-carranza-FAVICON.jpg","width":1781,"height":1822,"caption":"Ricardo Carranza"},"image":{"@id":"https:\/\/carranzapoetrypaintings.art.br\/#\/schema\/logo\/image\/"},"sameAs":["https:\/\/www.facebook.com\/people\/Ricardo-Carranza\/100001639244000\/","https:\/\/x.com\/carranza1953","https:\/\/instagram.com\/ricardo.carranza53"]}]}},"_links":{"self":[{"href":"https:\/\/carranzapoetrypaintings.art.br\/en\/wp-json\/wp\/v2\/pages\/70","targetHints":{"allow":["GET"]}}],"collection":[{"href":"https:\/\/carranzapoetrypaintings.art.br\/en\/wp-json\/wp\/v2\/pages"}],"about":[{"href":"https:\/\/carranzapoetrypaintings.art.br\/en\/wp-json\/wp\/v2\/types\/page"}],"author":[{"embeddable":true,"href":"https:\/\/carranzapoetrypaintings.art.br\/en\/wp-json\/wp\/v2\/users\/1"}],"replies":[{"embeddable":true,"href":"https:\/\/carranzapoetrypaintings.art.br\/en\/wp-json\/wp\/v2\/comments?post=70"}],"version-history":[{"count":82,"href":"https:\/\/carranzapoetrypaintings.art.br\/en\/wp-json\/wp\/v2\/pages\/70\/revisions"}],"predecessor-version":[{"id":2854,"href":"https:\/\/carranzapoetrypaintings.art.br\/en\/wp-json\/wp\/v2\/pages\/70\/revisions\/2854"}],"wp:attachment":[{"href":"https:\/\/carranzapoetrypaintings.art.br\/en\/wp-json\/wp\/v2\/media?parent=70"}],"curies":[{"name":"wp","href":"https:\/\/api.w.org\/{rel}","templated":true}]}}